{"id":1054,"date":"2017-02-24T13:44:47","date_gmt":"2017-02-24T12:44:47","guid":{"rendered":"http:\/\/eschringen.de\/wordpress\/?page_id=1054"},"modified":"2022-08-31T09:03:10","modified_gmt":"2022-08-31T07:03:10","slug":"28-08-99-100-jahre-becker-bier-im-gasthaus-zur-post","status":"publish","type":"page","link":"https:\/\/eschringen.de\/wordpress\/geschichte\/archiv\/28-08-99-100-jahre-becker-bier-im-gasthaus-zur-post\/","title":{"rendered":"28.08.1999 &#8211; 100 Jahre &#8222;Becker Bier&#8220; im Gasthaus &#8222;Zur Post&#8220;"},"content":{"rendered":"\n<p><i>(leicht redigierte) <b>Jubil\u00e4ums-Festrede<\/b> von <b>Egon Vogelgesang<\/b>, <b>28. August 1999<\/b><\/i><\/p>\n\n\n<div class=\"wp-block-image\">\n<figure class=\"alignright\"><img data-recalc-dims=\"1\" loading=\"lazy\" decoding=\"async\" width=\"200\" height=\"289\" src=\"https:\/\/i0.wp.com\/eschringen.de\/wordpress\/wp-content\/uploads\/2022\/08\/post7.jpg?resize=200%2C289&#038;ssl=1\" alt=\"\" class=\"wp-image-3903\"\/><figcaption>Jubil\u00e4umsfeier (1999) Nico Becker, Egon Vogelgesang<\/figcaption><\/figure>\n<\/div>\n\n\n<p>Liebe Festg\u00e4ste!<\/p>\n\n\n\n<p>100 Jahre Becker\u2019s Bier in unserer Wirtschaft &#8211; das ist ein Grund zum Feiern. Auch im Namen meiner Frau hei\u00dfe ich Sie alle herzlich willkommen.<\/p>\n\n\n\n<p>Ich bin kein Mann von langen Reden, das weiss jeder, und wenn ich die Male aufz\u00e4hlen soll, wo ich so etwas gemacht habe, dann kann ich es an einer Hand abz\u00e4hlen.<\/p>\n\n\n\n<p>Mir kommt jedoch als angeheirateter Wirt heute diese Ehre zu, und so darf ich jetzt ein paar Worte an Sie alle richten.<\/p>\n\n\n\n<p>Als erstes lohnt sich ein Blick zur\u00fcck in die Geschichte:<\/p>\n\n\n\n<p><b>1885 <\/b>wurde das Haus, in dem die &#8222;Wirtschaft zur Post&#8220; beheimatet ist, von <b>Peter Franz II.<\/b> und seiner Frau <b>Magdalena<\/b> (geb. Schwartz) gebaut. Sie sind sozusagen die &#8222;Urahnen&#8220;, denen wir dieses Fest heute zu verdanken haben.<\/p>\n\n\n\n<p>Einige Zeit gab es Walsheimer Bier zu trinken, doch es dauerte keine 15 Jahre, da kam das Bier aus St. Ingbert, von der damals noch jungen Brauerei Becker.<\/p>\n\n\n<div class=\"wp-block-image\">\n<figure class=\"alignright\"><img data-recalc-dims=\"1\" loading=\"lazy\" decoding=\"async\" width=\"300\" height=\"192\" src=\"https:\/\/i0.wp.com\/eschringen.de\/wordpress\/wp-content\/uploads\/2022\/08\/post6.jpg?resize=300%2C192&#038;ssl=1\" alt=\"\" class=\"wp-image-3904\"\/><figcaption>Das &#8222;Wirtshaus zur Post&#8220; (ca. 1913) in den Fenstern: Maria Marx, Friedel Franz, Johann Franz; stehend: Maria Lutsch (geb. Franz), Lisbeth Franz, Ida Bauer (geb. Franz) (weitere Personen nicht genau bekannt)<\/figcaption><\/figure>\n<\/div>\n\n\n<p>Einen Nachkommen dieser Familie, den fr\u00fcheren Chef der Brauerei, Herrn <b>Nico Becker<\/b>, begr\u00fc\u00dfe ich deshalb mit besonderer Freude und Herzlichkeit. Herr Becker, es ist uns eine gro\u00dfe Ehre, dass Sie heute unter uns sind und gleich im Anschluss den Fassanstich vornehmen werden.<\/p>\n\n\n\n<p>Die zweite Generation der Wirtsleute waren<b> Johann Franz<\/b> und seine erste Frau Maria Marx (nach ihrem Tode seine zweite Frau Emma Hofmann).<\/p>\n\n\n\n<p>Von 1910 bis 1949 haben sie Becker\u2019s Bier ausgeschenkt an jung und alt. Es muss eine sehr bewegte Zeit gewesen sein, wie die beiden Daten &#8211; 1910 vor dem 1. Weltkrieg und 1949 nach dem 2. Weltkrieg &#8211; beweisen. Sie waren Land- <b>und <\/b>Gastwirte, beides zusammen, nebeneinander &#8211; und beides mit Leib und Seele.<\/p>\n\n\n<div class=\"wp-block-image\">\n<figure class=\"alignleft\"><img data-recalc-dims=\"1\" loading=\"lazy\" decoding=\"async\" width=\"271\" height=\"274\" src=\"https:\/\/i0.wp.com\/eschringen.de\/wordpress\/wp-content\/uploads\/2022\/08\/post3.jpg?resize=271%2C274&#038;ssl=1\" alt=\"\" class=\"wp-image-3905\"\/><figcaption>Fridolin Franz (ca. 1960)<\/figcaption><\/figure>\n<\/div>\n\n\n<p>Dies gilt auch f\u00fcr die Nach-folger: den Sohn <b>Fridolin Franz<\/b> (aus russischer Kriegsgefangenschaft heim-gekehrt) und seine Frau <b>Irma <\/b>(geb. Bauer) &#8211; nach Krieg und Evakuierung.<\/p>\n\n\n\n<p>Und hier beginnt die Geschichte bis in unsere Tage hinein lebendig zu werden, denn viele von Ihnen haben beide noch gekannt.<\/p>\n\n\n\n<p>Vor einem Jahr erst starb &#8222;es Irma&#8220; &#8211; wie man zu ihrem 85. Geburtstag in der <i>Saarbr\u00fccker Zeitung<\/i> nachlesen konnte: damals die \u00e4lteste Wirtin des Saarlandes und eine Institution in Eschringen. Sodass es am Schluss fast nur noch hie\u00df: &#8222;Mir gehn zum Irma&#8220; und nicht mehr &#8222;Mir gehn in Eislersch&#8220;.<\/p>\n\n\n<div class=\"wp-block-image\">\n<figure class=\"alignright\"><img data-recalc-dims=\"1\" loading=\"lazy\" decoding=\"async\" width=\"209\" height=\"202\" src=\"https:\/\/i0.wp.com\/eschringen.de\/wordpress\/wp-content\/uploads\/2022\/08\/post2.jpg?resize=209%2C202&#038;ssl=1\" alt=\"\" class=\"wp-image-3906\"\/><figcaption>Irma Franz in ihrem Element (1994)<\/figcaption><\/figure>\n<\/div>\n\n\n<p>Unterst\u00fctzt durch meine Frau und mich, die Verwandtschaft von beiden Seiten und Freunde, die immer zur Stelle waren, wenn Hilfe gebraucht wurde, haben die beiden &#8211; vor allem &#8222;es Irma&#8220; &#8211; die Wirtschaft zu dem gemacht, was sie heute ist: eine Becker-Bier-Wirtschaft mit Tradition. Und das hei\u00dft in unserem Fall:<\/p>\n\n\n\n<ul class=\"wp-block-list\"><li>mit Hausmacher-Wurstbroten &#8211; lange Zeit aus eigener Schlachtung und eigenem Backofen, der noch im hinteren Hof zu bewundern w\u00e4re,<\/li><li>mit Fr\u00fchschoppen nach dem Kirchgang &#8211; wir sind eine Wirtschaft, deren Farbe mit der Talarfarbe des Pfarres \u00fcbereinstimmt!<\/li><\/ul>\n\n\n\n<p>Und wenn man von Ormesheim nach Eschringen hineinkommt, dann gibt es einen sch\u00f6nen Blick: unsere Wirtschaft und oben dr\u00fcber &#8211; wie draufgesetzt &#8211; die Eschringer Kirche.<\/p>\n\n\n\n<p>Zur Tradition geh\u00f6ren auch die Stammg\u00e4ste, mit denen es manchmal ziemlich sp\u00e4t werden kann &#8211; oder fr\u00fch, wie man will. Zum Leidwesen vieler Hausfrauen heisst es manchmal sonntags, <i>wenn\u2019s arich scheen isch<\/i>:<\/p>\n\n\n\n<p><i><b>&#8222;Mit trinke noch e Bier, donn hommer die Supp gespart.&#8220;<\/b><\/i><\/p>\n\n\n\n<p>Einen Stammgast m\u00f6chte ich stellvertretend f\u00fcr alle besonders erw\u00e4hnen, der, wenn er daheim in Eschringen weilt, immer da ist: Zimmermanns Erich aus Brasilien &#8211; und seine Frau Resi.<\/p>\n\n\n<div class=\"wp-block-image\">\n<figure class=\"alignright\"><img data-recalc-dims=\"1\" loading=\"lazy\" decoding=\"async\" width=\"300\" height=\"205\" src=\"https:\/\/i0.wp.com\/eschringen.de\/wordpress\/wp-content\/uploads\/2022\/08\/post5.jpg?resize=300%2C205&#038;ssl=1\" alt=\"\" class=\"wp-image-3907\"\/><figcaption>S\u00e4ngerfest des Gesangvereins &#8222;Frohsinn&#8220; (1922)<\/figcaption><\/figure>\n<\/div>\n\n\n<p>Zur Tradition geh\u00f6ren nicht zuletzt die singenden und musizierenden Vereine unseres Dorfes.<\/p>\n\n\n\n<p>Ich hei\u00dfe willkommen und freue mich, dass sie diese Feier mitgestalten:<\/p>\n\n\n\n<ul class=\"wp-block-list\"><li>den Kirchenchor &#8222;St. Laurentius&#8220; und seinen Dirigenten Martin Hoffmann,<\/li><li>den Gesangverein &#8222;Frohsinn&#8220; mit seinem Dirigenten Willi Wehr,<\/li><li>den Musikverein &#8222;Lyra&#8220; mit seinem Dirigenten Wolfgang Dries<\/li><li>die Jagdhornbl\u00e4sergruppe &#8222;Alte Post&#8220; unter der Leitung von J\u00fcrgen Breit.<\/li><\/ul>\n\n\n\n<p>Ich begr\u00fc\u00dfe des weiteren die Freiwillige Feuerwehr Eschringen mit L\u00f6schbezirkf\u00fchrer J\u00f6rg Elberskirch sowie alle anderen Eschringer Vereine, deren Vertreter sich hier eingefunden haben, an ihrer Spitze den Vertreter der AG der Eschringer Vereine, Herrn Edgar Hartz, der nachher ebenfalls noch ein paar Worte an uns richten wird.<\/p>\n\n\n\n<p>Und was w\u00e4re Eschringen ohne Ensheim? Es spricht f\u00fcr gutes Miteinander, wenn heute nachmittag auch etliche Ensheimer da sind. Unter den G\u00e4sten m\u00f6chte ich besonders den M\u00e4nnergesangverein &#8222;Liederkranz&#8220; und die Helfer aus Ensheim hervorheben.<\/p>\n\n\n\n<p>Gibt es auch G\u00e4ste aus Ormesheim?&#8212; bitte einmal um ein Handzeichen; aus Fechingen?&#8212;aus Raaschbach? Aus der Stadt?&#8212;von anderswo?<\/p>\n\n\n\n<p><i>So, jetz\u2019 is jo doch e charmandi Redd wor!<\/i><\/p>\n\n\n<div class=\"wp-block-image\">\n<figure class=\"alignright\"><img data-recalc-dims=\"1\" loading=\"lazy\" decoding=\"async\" width=\"300\" height=\"201\" src=\"https:\/\/i0.wp.com\/eschringen.de\/wordpress\/wp-content\/uploads\/2022\/08\/post1.jpg?resize=300%2C201&#038;ssl=1\" alt=\"\" class=\"wp-image-3908\"\/><figcaption>In der &#8222;Posthalterstube&#8220;: Ortschronist Heinrich Moog stellt die erste Ausgabe der &#8222;Eschringer Hefte&#8220; vor (1996)<\/figcaption><\/figure>\n<\/div>\n\n\n<p>Bleibt mir nur noch Ihnen allen viel Freude beim Mitfeiern zu w\u00fcnschen &#8211; und das, was der Wirt sagt, wenn er ein Getr\u00e4nk serviert, soll heute den ganzen Tag gelten: &#8222;Zum Wohl!&#8220;<\/p>\n\n\n\n<p>Einen gro\u00dfen Dank sage ich zum Schlu\u00df allen, die uns bei der Vorbereitung und Durchf\u00fchrung des Festes helfen und geholfen haben; stellvertretend f\u00fcr alle anderen nenne ich meine Freunde Karl Schweitzer, Benno Mascioni und Eckhard Franz, sowie Herrn Roland Schmitt von der Geschichtswerkstatt, der eine kleine Ausstellung aus interessanten Fotos aufbereitet hat.<\/p>\n\n\n\n<p>Und jetzt darf ich Sie, Herr Becker, bitten, das Fest mit dem Fassanstich zu er\u00f6ffnen.<\/p>\n\n\n\n<p>Herzlichen Dank.<\/p>\n\n\n\n<p>Anmerkung: Laut Ursprungsmanuskript sollten auch Herr Pfarrer Fridolin Flieger und Herr Peter Franz (von der Saarbr\u00fccker Zeitung) begr\u00fc\u00dft werden. Dies musste entfallen, da beide verhindert waren.<\/p>\n\n\n<div class=\"wp-block-image\">\n<figure class=\"alignright\"><img data-recalc-dims=\"1\" loading=\"lazy\" decoding=\"async\" width=\"176\" height=\"231\" src=\"https:\/\/i0.wp.com\/eschringen.de\/wordpress\/wp-content\/uploads\/2022\/08\/post4.jpg?resize=176%2C231&#038;ssl=1\" alt=\"\" class=\"wp-image-3909\"\/><figcaption>Postagentur (1902 &#8211; 1908)<\/figcaption><\/figure>\n<\/div>\n\n\n<p><u><b>Kleine Chronik des Gasthauses &#8222;Zur Post&#8220;:<\/b><\/u><\/p>\n\n\n\n<ul class=\"wp-block-list\"><li>1885 Erbauung<\/li><li>1887 &#8211; 1972 landwirtschaftlicher Betrieb<\/li><li>ca. 1887 &#8211; 1912\/13 Haltepunkt der Postkutsche Brebach &#8211; Ensheim<\/li><li><b>seit 1899<\/b> Becker-Bier im Ausschank<\/li><li>1902 &#8211; 1908 Postfiliale<\/li><li>1945 &#8222;Notkirche&#8220;: Gottesdienste im Veranstaltungssaal<\/li><li>1950 &#8211; 1997\/98 Irma Franz Wirtin der &#8222;Post&#8220;<\/li><li>1989 Einrichtung einer Heimatstube durch die AG &#8222;Eschringen erhalten und gestalten&#8220; (&#8222;Posthalterstube&#8220;)<\/li><li><b>1999<\/b> 100j\u00e4hriges Ausschank-Jubil\u00e4um<\/li><\/ul>\n","protected":false},"excerpt":{"rendered":"<p>(leicht redigierte) Jubil\u00e4ums-Festrede von Egon Vogelgesang, 28. August 1999 Liebe Festg\u00e4ste! 100 Jahre Becker\u2019s Bier in unserer Wirtschaft &#8211; das ist ein Grund zum Feiern. Auch im Namen meiner Frau hei\u00dfe ich Sie alle herzlich willkommen. Ich bin kein Mann von langen Reden, das weiss jeder, und wenn ich die Male aufz\u00e4hlen soll, wo ich &#8230; <a title=\"28.08.1999 &#8211; 100 Jahre &#8222;Becker Bier&#8220; im Gasthaus &#8222;Zur Post&#8220;\" class=\"read-more\" href=\"https:\/\/eschringen.de\/wordpress\/geschichte\/archiv\/28-08-99-100-jahre-becker-bier-im-gasthaus-zur-post\/\" aria-label=\"Mehr Informationen \u00fcber 28.08.1999 &#8211; 100 Jahre &#8222;Becker Bier&#8220; im Gasthaus &#8222;Zur Post&#8220;\">Weiterlesen &#8230;<\/a><\/p>\n","protected":false},"author":1,"featured_media":0,"parent":403,"menu_order":76,"comment_status":"closed","ping_status":"closed","template":"","meta":{"ngg_post_thumbnail":0,"footnotes":""},"class_list":["post-1054","page","type-page","status-publish"],"yoast_head":"<!-- This site is optimized with the Yoast SEO plugin v27.4 - https:\/\/yoast.com\/product\/yoast-seo-wordpress\/ -->\n<title>28.08.1999 - 100 Jahre &quot;Becker Bier&quot; im Gasthaus &quot;Zur Post&quot; - Eschringen<\/title>\n<meta name=\"robots\" content=\"index, follow, max-snippet:-1, max-image-preview:large, max-video-preview:-1\" \/>\n<link rel=\"canonical\" href=\"https:\/\/eschringen.de\/wordpress\/geschichte\/archiv\/28-08-99-100-jahre-becker-bier-im-gasthaus-zur-post\/\" \/>\n<meta property=\"og:locale\" content=\"de_DE\" \/>\n<meta property=\"og:type\" content=\"article\" \/>\n<meta property=\"og:title\" content=\"28.08.1999 - 100 Jahre &quot;Becker Bier&quot; im Gasthaus &quot;Zur Post&quot; - Eschringen\" \/>\n<meta property=\"og:description\" content=\"(leicht redigierte) Jubil\u00e4ums-Festrede von Egon Vogelgesang, 28. August 1999 Liebe Festg\u00e4ste! 100 Jahre Becker\u2019s Bier in unserer Wirtschaft &#8211; das ist ein Grund zum Feiern. Auch im Namen meiner Frau hei\u00dfe ich Sie alle herzlich willkommen. Ich bin kein Mann von langen Reden, das weiss jeder, und wenn ich die Male aufz\u00e4hlen soll, wo ich ... Weiterlesen ...\" \/>\n<meta property=\"og:url\" content=\"https:\/\/eschringen.de\/wordpress\/geschichte\/archiv\/28-08-99-100-jahre-becker-bier-im-gasthaus-zur-post\/\" \/>\n<meta property=\"og:site_name\" content=\"Eschringen\" \/>\n<meta property=\"article:modified_time\" content=\"2022-08-31T07:03:10+00:00\" \/>\n<meta property=\"og:image\" content=\"https:\/\/eschringen.de\/wordpress\/wp-content\/uploads\/2022\/08\/post7.jpg\" \/>\n<meta name=\"twitter:card\" content=\"summary_large_image\" \/>\n<script type=\"application\/ld+json\" class=\"yoast-schema-graph\">{\"@context\":\"https:\\\/\\\/schema.org\",\"@graph\":[{\"@type\":\"WebPage\",\"@id\":\"https:\\\/\\\/eschringen.de\\\/wordpress\\\/geschichte\\\/archiv\\\/28-08-99-100-jahre-becker-bier-im-gasthaus-zur-post\\\/\",\"url\":\"https:\\\/\\\/eschringen.de\\\/wordpress\\\/geschichte\\\/archiv\\\/28-08-99-100-jahre-becker-bier-im-gasthaus-zur-post\\\/\",\"name\":\"28.08.1999 - 100 Jahre \\\"Becker Bier\\\" im Gasthaus \\\"Zur Post\\\" - Eschringen\",\"isPartOf\":{\"@id\":\"https:\\\/\\\/eschringen.de\\\/wordpress\\\/#website\"},\"primaryImageOfPage\":{\"@id\":\"https:\\\/\\\/eschringen.de\\\/wordpress\\\/geschichte\\\/archiv\\\/28-08-99-100-jahre-becker-bier-im-gasthaus-zur-post\\\/#primaryimage\"},\"image\":{\"@id\":\"https:\\\/\\\/eschringen.de\\\/wordpress\\\/geschichte\\\/archiv\\\/28-08-99-100-jahre-becker-bier-im-gasthaus-zur-post\\\/#primaryimage\"},\"thumbnailUrl\":\"https:\\\/\\\/eschringen.de\\\/wordpress\\\/wp-content\\\/uploads\\\/2022\\\/08\\\/post7.jpg\",\"datePublished\":\"2017-02-24T12:44:47+00:00\",\"dateModified\":\"2022-08-31T07:03:10+00:00\",\"breadcrumb\":{\"@id\":\"https:\\\/\\\/eschringen.de\\\/wordpress\\\/geschichte\\\/archiv\\\/28-08-99-100-jahre-becker-bier-im-gasthaus-zur-post\\\/#breadcrumb\"},\"inLanguage\":\"de\",\"potentialAction\":[{\"@type\":\"ReadAction\",\"target\":[\"https:\\\/\\\/eschringen.de\\\/wordpress\\\/geschichte\\\/archiv\\\/28-08-99-100-jahre-becker-bier-im-gasthaus-zur-post\\\/\"]}]},{\"@type\":\"ImageObject\",\"inLanguage\":\"de\",\"@id\":\"https:\\\/\\\/eschringen.de\\\/wordpress\\\/geschichte\\\/archiv\\\/28-08-99-100-jahre-becker-bier-im-gasthaus-zur-post\\\/#primaryimage\",\"url\":\"https:\\\/\\\/i0.wp.com\\\/eschringen.de\\\/wordpress\\\/wp-content\\\/uploads\\\/2022\\\/08\\\/post7.jpg?fit=200%2C289&ssl=1\",\"contentUrl\":\"https:\\\/\\\/i0.wp.com\\\/eschringen.de\\\/wordpress\\\/wp-content\\\/uploads\\\/2022\\\/08\\\/post7.jpg?fit=200%2C289&ssl=1\",\"width\":200,\"height\":289},{\"@type\":\"BreadcrumbList\",\"@id\":\"https:\\\/\\\/eschringen.de\\\/wordpress\\\/geschichte\\\/archiv\\\/28-08-99-100-jahre-becker-bier-im-gasthaus-zur-post\\\/#breadcrumb\",\"itemListElement\":[{\"@type\":\"ListItem\",\"position\":1,\"name\":\"Startseite\",\"item\":\"https:\\\/\\\/eschringen.de\\\/wordpress\\\/\"},{\"@type\":\"ListItem\",\"position\":2,\"name\":\"Geschichte\",\"item\":\"https:\\\/\\\/eschringen.de\\\/wordpress\\\/geschichte\\\/\"},{\"@type\":\"ListItem\",\"position\":3,\"name\":\"Archiv\",\"item\":\"https:\\\/\\\/eschringen.de\\\/wordpress\\\/geschichte\\\/archiv\\\/\"},{\"@type\":\"ListItem\",\"position\":4,\"name\":\"28.08.1999 &#8211; 100 Jahre &#8222;Becker Bier&#8220; im Gasthaus &#8222;Zur Post&#8220;\"}]},{\"@type\":\"WebSite\",\"@id\":\"https:\\\/\\\/eschringen.de\\\/wordpress\\\/#website\",\"url\":\"https:\\\/\\\/eschringen.de\\\/wordpress\\\/\",\"name\":\"Eschringen\",\"description\":\"\",\"publisher\":{\"@id\":\"https:\\\/\\\/eschringen.de\\\/wordpress\\\/#organization\"},\"potentialAction\":[{\"@type\":\"SearchAction\",\"target\":{\"@type\":\"EntryPoint\",\"urlTemplate\":\"https:\\\/\\\/eschringen.de\\\/wordpress\\\/?s={search_term_string}\"},\"query-input\":{\"@type\":\"PropertyValueSpecification\",\"valueRequired\":true,\"valueName\":\"search_term_string\"}}],\"inLanguage\":\"de\"},{\"@type\":\"Organization\",\"@id\":\"https:\\\/\\\/eschringen.de\\\/wordpress\\\/#organization\",\"name\":\"Eschringen\",\"url\":\"https:\\\/\\\/eschringen.de\\\/wordpress\\\/\",\"logo\":{\"@type\":\"ImageObject\",\"inLanguage\":\"de\",\"@id\":\"https:\\\/\\\/eschringen.de\\\/wordpress\\\/#\\\/schema\\\/logo\\\/image\\\/\",\"url\":\"https:\\\/\\\/eschringen.de\\\/wordpress\\\/wp-content\\\/uploads\\\/2017\\\/03\\\/2017_kw15.jpg\",\"contentUrl\":\"https:\\\/\\\/eschringen.de\\\/wordpress\\\/wp-content\\\/uploads\\\/2017\\\/03\\\/2017_kw15.jpg\",\"width\":784,\"height\":447,\"caption\":\"Eschringen\"},\"image\":{\"@id\":\"https:\\\/\\\/eschringen.de\\\/wordpress\\\/#\\\/schema\\\/logo\\\/image\\\/\"}}]}<\/script>\n<!-- \/ Yoast SEO plugin. -->","yoast_head_json":{"title":"28.08.1999 - 100 Jahre \"Becker Bier\" im Gasthaus \"Zur Post\" - Eschringen","robots":{"index":"index","follow":"follow","max-snippet":"max-snippet:-1","max-image-preview":"max-image-preview:large","max-video-preview":"max-video-preview:-1"},"canonical":"https:\/\/eschringen.de\/wordpress\/geschichte\/archiv\/28-08-99-100-jahre-becker-bier-im-gasthaus-zur-post\/","og_locale":"de_DE","og_type":"article","og_title":"28.08.1999 - 100 Jahre \"Becker Bier\" im Gasthaus \"Zur Post\" - Eschringen","og_description":"(leicht redigierte) Jubil\u00e4ums-Festrede von Egon Vogelgesang, 28. August 1999 Liebe Festg\u00e4ste! 100 Jahre Becker\u2019s Bier in unserer Wirtschaft &#8211; das ist ein Grund zum Feiern. Auch im Namen meiner Frau hei\u00dfe ich Sie alle herzlich willkommen. Ich bin kein Mann von langen Reden, das weiss jeder, und wenn ich die Male aufz\u00e4hlen soll, wo ich ... Weiterlesen ...","og_url":"https:\/\/eschringen.de\/wordpress\/geschichte\/archiv\/28-08-99-100-jahre-becker-bier-im-gasthaus-zur-post\/","og_site_name":"Eschringen","article_modified_time":"2022-08-31T07:03:10+00:00","og_image":[{"url":"https:\/\/eschringen.de\/wordpress\/wp-content\/uploads\/2022\/08\/post7.jpg","type":"","width":"","height":""}],"twitter_card":"summary_large_image","schema":{"@context":"https:\/\/schema.org","@graph":[{"@type":"WebPage","@id":"https:\/\/eschringen.de\/wordpress\/geschichte\/archiv\/28-08-99-100-jahre-becker-bier-im-gasthaus-zur-post\/","url":"https:\/\/eschringen.de\/wordpress\/geschichte\/archiv\/28-08-99-100-jahre-becker-bier-im-gasthaus-zur-post\/","name":"28.08.1999 - 100 Jahre \"Becker Bier\" im Gasthaus \"Zur Post\" - Eschringen","isPartOf":{"@id":"https:\/\/eschringen.de\/wordpress\/#website"},"primaryImageOfPage":{"@id":"https:\/\/eschringen.de\/wordpress\/geschichte\/archiv\/28-08-99-100-jahre-becker-bier-im-gasthaus-zur-post\/#primaryimage"},"image":{"@id":"https:\/\/eschringen.de\/wordpress\/geschichte\/archiv\/28-08-99-100-jahre-becker-bier-im-gasthaus-zur-post\/#primaryimage"},"thumbnailUrl":"https:\/\/eschringen.de\/wordpress\/wp-content\/uploads\/2022\/08\/post7.jpg","datePublished":"2017-02-24T12:44:47+00:00","dateModified":"2022-08-31T07:03:10+00:00","breadcrumb":{"@id":"https:\/\/eschringen.de\/wordpress\/geschichte\/archiv\/28-08-99-100-jahre-becker-bier-im-gasthaus-zur-post\/#breadcrumb"},"inLanguage":"de","potentialAction":[{"@type":"ReadAction","target":["https:\/\/eschringen.de\/wordpress\/geschichte\/archiv\/28-08-99-100-jahre-becker-bier-im-gasthaus-zur-post\/"]}]},{"@type":"ImageObject","inLanguage":"de","@id":"https:\/\/eschringen.de\/wordpress\/geschichte\/archiv\/28-08-99-100-jahre-becker-bier-im-gasthaus-zur-post\/#primaryimage","url":"https:\/\/i0.wp.com\/eschringen.de\/wordpress\/wp-content\/uploads\/2022\/08\/post7.jpg?fit=200%2C289&ssl=1","contentUrl":"https:\/\/i0.wp.com\/eschringen.de\/wordpress\/wp-content\/uploads\/2022\/08\/post7.jpg?fit=200%2C289&ssl=1","width":200,"height":289},{"@type":"BreadcrumbList","@id":"https:\/\/eschringen.de\/wordpress\/geschichte\/archiv\/28-08-99-100-jahre-becker-bier-im-gasthaus-zur-post\/#breadcrumb","itemListElement":[{"@type":"ListItem","position":1,"name":"Startseite","item":"https:\/\/eschringen.de\/wordpress\/"},{"@type":"ListItem","position":2,"name":"Geschichte","item":"https:\/\/eschringen.de\/wordpress\/geschichte\/"},{"@type":"ListItem","position":3,"name":"Archiv","item":"https:\/\/eschringen.de\/wordpress\/geschichte\/archiv\/"},{"@type":"ListItem","position":4,"name":"28.08.1999 &#8211; 100 Jahre &#8222;Becker Bier&#8220; im Gasthaus &#8222;Zur Post&#8220;"}]},{"@type":"WebSite","@id":"https:\/\/eschringen.de\/wordpress\/#website","url":"https:\/\/eschringen.de\/wordpress\/","name":"Eschringen","description":"","publisher":{"@id":"https:\/\/eschringen.de\/wordpress\/#organization"},"potentialAction":[{"@type":"SearchAction","target":{"@type":"EntryPoint","urlTemplate":"https:\/\/eschringen.de\/wordpress\/?s={search_term_string}"},"query-input":{"@type":"PropertyValueSpecification","valueRequired":true,"valueName":"search_term_string"}}],"inLanguage":"de"},{"@type":"Organization","@id":"https:\/\/eschringen.de\/wordpress\/#organization","name":"Eschringen","url":"https:\/\/eschringen.de\/wordpress\/","logo":{"@type":"ImageObject","inLanguage":"de","@id":"https:\/\/eschringen.de\/wordpress\/#\/schema\/logo\/image\/","url":"https:\/\/eschringen.de\/wordpress\/wp-content\/uploads\/2017\/03\/2017_kw15.jpg","contentUrl":"https:\/\/eschringen.de\/wordpress\/wp-content\/uploads\/2017\/03\/2017_kw15.jpg","width":784,"height":447,"caption":"Eschringen"},"image":{"@id":"https:\/\/eschringen.de\/wordpress\/#\/schema\/logo\/image\/"}}]}},"jetpack_sharing_enabled":true,"_links":{"self":[{"href":"https:\/\/eschringen.de\/wordpress\/wp-json\/wp\/v2\/pages\/1054","targetHints":{"allow":["GET"]}}],"collection":[{"href":"https:\/\/eschringen.de\/wordpress\/wp-json\/wp\/v2\/pages"}],"about":[{"href":"https:\/\/eschringen.de\/wordpress\/wp-json\/wp\/v2\/types\/page"}],"author":[{"embeddable":true,"href":"https:\/\/eschringen.de\/wordpress\/wp-json\/wp\/v2\/users\/1"}],"replies":[{"embeddable":true,"href":"https:\/\/eschringen.de\/wordpress\/wp-json\/wp\/v2\/comments?post=1054"}],"version-history":[{"count":3,"href":"https:\/\/eschringen.de\/wordpress\/wp-json\/wp\/v2\/pages\/1054\/revisions"}],"predecessor-version":[{"id":3939,"href":"https:\/\/eschringen.de\/wordpress\/wp-json\/wp\/v2\/pages\/1054\/revisions\/3939"}],"up":[{"embeddable":true,"href":"https:\/\/eschringen.de\/wordpress\/wp-json\/wp\/v2\/pages\/403"}],"wp:attachment":[{"href":"https:\/\/eschringen.de\/wordpress\/wp-json\/wp\/v2\/media?parent=1054"}],"curies":[{"name":"wp","href":"https:\/\/api.w.org\/{rel}","templated":true}]}}