{"id":1051,"date":"2017-02-24T12:53:47","date_gmt":"2017-02-24T11:53:47","guid":{"rendered":"http:\/\/eschringen.de\/wordpress\/?page_id=1051"},"modified":"2022-08-31T09:02:54","modified_gmt":"2022-08-31T07:02:54","slug":"21-22-10-99-restaurierter-grenzstein-feierlich-neu-gesetzt","status":"publish","type":"page","link":"https:\/\/eschringen.de\/wordpress\/geschichte\/archiv\/21-22-10-99-restaurierter-grenzstein-feierlich-neu-gesetzt\/","title":{"rendered":"21. + 22.10.1999 &#8211; Restaurierter Grenzstein feierlich neu gesetzt"},"content":{"rendered":"<div class=\"wp-block-image wp-image-3817 size-full\">\n<figure class=\"alignleft\"><img data-recalc-dims=\"1\" loading=\"lazy\" decoding=\"async\" width=\"250\" height=\"238\" src=\"https:\/\/i0.wp.com\/eschringen.de\/wordpress\/wp-content\/uploads\/2022\/08\/grenz1-1.jpg?resize=250%2C238&#038;ssl=1\" alt=\"\" class=\"wp-image-3817\"\/><figcaption>Ausgraben des Stumpfes Juni 99<\/figcaption><\/figure>\n<\/div>\n\n\n<p>Vor zwei Jahren begleitete die Eschringer Geschichtswerkstatt Sch\u00fcler der Grundschule bei einer Grenzsteinwanderung entlang der Grenze zwischen Eschringen und Ormesheim, die seit 1974 den Stadtverband Saarbr\u00fccken vom Saarpfalz-Kreis trennt. Dabei entdeckte Roland Schmitt, Leiter der Geschichtswerkstatt, mit einigen Sch\u00fclern eher zuf\u00e4llig den dazugeh\u00f6rigen Stumpf des wenige Wochen zuvor aufgefundenen Bruchst\u00fcckes eines seltenen Grenzsteines. Es handelte sich dabei um eine sog. &#8222;Ehrenstange&#8220;, einen Dreibannstein, der im Jahre 1768 an der Grenze zwischen den D\u00f6rfern Eschringen, Ormesheim und (Blies-) Ransbach gesetzt worden war. Seinerzeit fungierte er auch als Territorial- grenzstein zwischen dem F\u00fcrstentum Nassau-Saarbr\u00fccken und der Reichsherrschaft von der Leyen\/Blieskastel. Das Bliesransbacher Flurst\u00fcck &#8222;Am Zollstock&#8220; l\u00e4\u00dft vermuten, das sich hier, auf dem nach wie vor als Wanderweg nach Gr\u00e4finthal genutzten alten Kulturweg sich einst auch eine kleine Zollstation befand.<\/p>\n\n\n<div class=\"wp-block-image wp-image-3818 size-full\">\n<figure class=\"alignright\"><img data-recalc-dims=\"1\" loading=\"lazy\" decoding=\"async\" width=\"197\" height=\"300\" src=\"https:\/\/i0.wp.com\/eschringen.de\/wordpress\/wp-content\/uploads\/2022\/08\/grenz5-1.jpg?resize=197%2C300&#038;ssl=1\" alt=\"\" class=\"wp-image-3818\"\/><figcaption>Grenzsteinsetzung 21.10.99<\/figcaption><\/figure>\n<\/div>\n\n\n<p>Schon vor Jahren gingen dann die Kenntnisse \u00fcber den Standort dieses rarenGrenzsteines verloren. Auf Initiative der Eschringer Geschichtswerkstatt wurden nun in diesem Jahr das obere Bruchst\u00fcck gesichert und der Stumpf in m\u00fchevoller Kleinarbeit ausgegraben. \u00dcber den Sommer hin restaurierte der Eschringer Steinmetzmeister Josef Meiser diesen Dreib\u00e4nner aus Sandstein, der es immerhin auf ein Gewicht von knapp 6 Zentner bringt. Nun wurde er von einem Initiativkreis der Geschichtswerkstatt (Arno Schmitt, J\u00fcrgen Blum, Josef Meiser, Roland Schmitt, Edgar Hartz und Gerhard Zimmermann) 21. Oktober 1999 neu gesetzt und am Folgetag von den Mitarbeitern des st\u00e4dtischen Vermessungsamtes, Axel Hagedorn und Dominik Rheinen, wieder eingemessen, denn er hat bis heute seine G\u00fcltigkeit nicht verloren.<\/p>\n\n\n<div class=\"wp-block-image wp-image-3819 size-full\">\n<figure class=\"alignleft\"><img data-recalc-dims=\"1\" loading=\"lazy\" decoding=\"async\" width=\"300\" height=\"200\" src=\"https:\/\/i0.wp.com\/eschringen.de\/wordpress\/wp-content\/uploads\/2022\/08\/grenz3-1.jpg?resize=300%2C200&#038;ssl=1\" alt=\"\" class=\"wp-image-3819\"\/><figcaption>Feierliche Einweihung 22.10.99<\/figcaption><\/figure>\n<\/div>\n\n\n<p>Am Nachmittag schlie\u00dflich erfolgte ein feierliches Zeremoniell (mit den Akteuren des Initiativkreises in historischen Kost\u00fcmen). Daran nahmen neben Vertretern der Anrainergemeinden (unter ihnen G\u00fcnter Lang, Ortsvorsteher von Bliesransbach), der Bezirksb\u00fcrgermeisterin Annette H\u00fcbinger und interessierten B\u00fcrgern vor allem Sch\u00fcler der dritten und vierten Klasse der Eschringer Grundschule mit Rektorin Magda Breuer teil. Arno Schmitt sprach (auch als Vertreter des Oberb\u00fcrgermeisters) Gru\u00df- und Dankesworte, Roland Schmitt erl\u00e4uterte Sinn und Zweck der Aktion, und zitierte im historischen Teil passende Ausz\u00fcge aus einer Dorfordnung. Besonderen Spa\u00df hatten dabei die drei ausgew\u00e4hlten &#8222;Zeugen&#8220; Dominik Vogelgesang, Daniel Losito und Thomas Kempf. Sie erhielten zwar von Roland Schmitt einige (symbolische) Ohrfeigen, um sich &#8211; wie in fr\u00fcheren Zeiten den Standort des Grenzsteines zu merken -, aber auch \u00c4pfel, N\u00fcsse und M\u00fcnzen als Dreingabe.<\/p>\n\n\n\n<p>Der restaurierte Grenzstein ziert jedenfalls, erg\u00e4nzt durch eine nahe Ruhebank und eine von Gerhard Zimmermann und Gerhard Fischer erstellte Infotafel nun den Wander- und Wallfahrtsweg von Eschringen nach Gr\u00e4finthal; gewiss eine Augenweide f\u00fcr viele Spazierg\u00e4nger und Wanderer.<\/p>\n\n\n\n<p>(Roland Schmitt)<\/p>\n","protected":false},"excerpt":{"rendered":"<p>Vor zwei Jahren begleitete die Eschringer Geschichtswerkstatt Sch\u00fcler der Grundschule bei einer Grenzsteinwanderung entlang der Grenze zwischen Eschringen und Ormesheim, die seit 1974 den Stadtverband Saarbr\u00fccken vom Saarpfalz-Kreis trennt. Dabei entdeckte Roland Schmitt, Leiter der Geschichtswerkstatt, mit einigen Sch\u00fclern eher zuf\u00e4llig den dazugeh\u00f6rigen Stumpf des wenige Wochen zuvor aufgefundenen Bruchst\u00fcckes eines seltenen Grenzsteines. Es handelte &#8230; <a title=\"21. + 22.10.1999 &#8211; Restaurierter Grenzstein feierlich neu gesetzt\" class=\"read-more\" href=\"https:\/\/eschringen.de\/wordpress\/geschichte\/archiv\/21-22-10-99-restaurierter-grenzstein-feierlich-neu-gesetzt\/\" aria-label=\"Mehr Informationen \u00fcber 21. + 22.10.1999 &#8211; Restaurierter Grenzstein feierlich neu gesetzt\">Weiterlesen &#8230;<\/a><\/p>\n","protected":false},"author":1,"featured_media":0,"parent":403,"menu_order":75,"comment_status":"closed","ping_status":"closed","template":"","meta":{"ngg_post_thumbnail":0,"footnotes":""},"class_list":["post-1051","page","type-page","status-publish"],"yoast_head":"<!-- This site is optimized with the Yoast SEO plugin v27.4 - https:\/\/yoast.com\/product\/yoast-seo-wordpress\/ -->\n<title>21. + 22.10.1999 - Restaurierter Grenzstein feierlich neu gesetzt - Eschringen<\/title>\n<meta name=\"robots\" content=\"index, follow, max-snippet:-1, max-image-preview:large, max-video-preview:-1\" \/>\n<link rel=\"canonical\" href=\"https:\/\/eschringen.de\/wordpress\/geschichte\/archiv\/21-22-10-99-restaurierter-grenzstein-feierlich-neu-gesetzt\/\" \/>\n<meta property=\"og:locale\" content=\"de_DE\" \/>\n<meta property=\"og:type\" content=\"article\" \/>\n<meta property=\"og:title\" content=\"21. + 22.10.1999 - Restaurierter Grenzstein feierlich neu gesetzt - Eschringen\" \/>\n<meta property=\"og:description\" content=\"Vor zwei Jahren begleitete die Eschringer Geschichtswerkstatt Sch\u00fcler der Grundschule bei einer Grenzsteinwanderung entlang der Grenze zwischen Eschringen und Ormesheim, die seit 1974 den Stadtverband Saarbr\u00fccken vom Saarpfalz-Kreis trennt. Dabei entdeckte Roland Schmitt, Leiter der Geschichtswerkstatt, mit einigen Sch\u00fclern eher zuf\u00e4llig den dazugeh\u00f6rigen Stumpf des wenige Wochen zuvor aufgefundenen Bruchst\u00fcckes eines seltenen Grenzsteines. Es handelte ... Weiterlesen ...\" \/>\n<meta property=\"og:url\" content=\"https:\/\/eschringen.de\/wordpress\/geschichte\/archiv\/21-22-10-99-restaurierter-grenzstein-feierlich-neu-gesetzt\/\" \/>\n<meta property=\"og:site_name\" content=\"Eschringen\" \/>\n<meta property=\"article:modified_time\" content=\"2022-08-31T07:02:54+00:00\" \/>\n<meta property=\"og:image\" content=\"https:\/\/eschringen.de\/wordpress\/wp-content\/uploads\/2022\/08\/grenz1-1.jpg\" \/>\n<meta name=\"twitter:card\" content=\"summary_large_image\" \/>\n<meta name=\"twitter:label1\" content=\"Gesch\u00e4tzte Lesezeit\" \/>\n\t<meta name=\"twitter:data1\" content=\"3\u00a0Minuten\" \/>\n<script type=\"application\/ld+json\" class=\"yoast-schema-graph\">{\"@context\":\"https:\\\/\\\/schema.org\",\"@graph\":[{\"@type\":\"WebPage\",\"@id\":\"https:\\\/\\\/eschringen.de\\\/wordpress\\\/geschichte\\\/archiv\\\/21-22-10-99-restaurierter-grenzstein-feierlich-neu-gesetzt\\\/\",\"url\":\"https:\\\/\\\/eschringen.de\\\/wordpress\\\/geschichte\\\/archiv\\\/21-22-10-99-restaurierter-grenzstein-feierlich-neu-gesetzt\\\/\",\"name\":\"21. + 22.10.1999 - Restaurierter Grenzstein feierlich neu gesetzt - Eschringen\",\"isPartOf\":{\"@id\":\"https:\\\/\\\/eschringen.de\\\/wordpress\\\/#website\"},\"primaryImageOfPage\":{\"@id\":\"https:\\\/\\\/eschringen.de\\\/wordpress\\\/geschichte\\\/archiv\\\/21-22-10-99-restaurierter-grenzstein-feierlich-neu-gesetzt\\\/#primaryimage\"},\"image\":{\"@id\":\"https:\\\/\\\/eschringen.de\\\/wordpress\\\/geschichte\\\/archiv\\\/21-22-10-99-restaurierter-grenzstein-feierlich-neu-gesetzt\\\/#primaryimage\"},\"thumbnailUrl\":\"https:\\\/\\\/eschringen.de\\\/wordpress\\\/wp-content\\\/uploads\\\/2022\\\/08\\\/grenz1-1.jpg\",\"datePublished\":\"2017-02-24T11:53:47+00:00\",\"dateModified\":\"2022-08-31T07:02:54+00:00\",\"breadcrumb\":{\"@id\":\"https:\\\/\\\/eschringen.de\\\/wordpress\\\/geschichte\\\/archiv\\\/21-22-10-99-restaurierter-grenzstein-feierlich-neu-gesetzt\\\/#breadcrumb\"},\"inLanguage\":\"de\",\"potentialAction\":[{\"@type\":\"ReadAction\",\"target\":[\"https:\\\/\\\/eschringen.de\\\/wordpress\\\/geschichte\\\/archiv\\\/21-22-10-99-restaurierter-grenzstein-feierlich-neu-gesetzt\\\/\"]}]},{\"@type\":\"ImageObject\",\"inLanguage\":\"de\",\"@id\":\"https:\\\/\\\/eschringen.de\\\/wordpress\\\/geschichte\\\/archiv\\\/21-22-10-99-restaurierter-grenzstein-feierlich-neu-gesetzt\\\/#primaryimage\",\"url\":\"https:\\\/\\\/i0.wp.com\\\/eschringen.de\\\/wordpress\\\/wp-content\\\/uploads\\\/2022\\\/08\\\/grenz1-1.jpg?fit=250%2C238&ssl=1\",\"contentUrl\":\"https:\\\/\\\/i0.wp.com\\\/eschringen.de\\\/wordpress\\\/wp-content\\\/uploads\\\/2022\\\/08\\\/grenz1-1.jpg?fit=250%2C238&ssl=1\",\"width\":250,\"height\":238},{\"@type\":\"BreadcrumbList\",\"@id\":\"https:\\\/\\\/eschringen.de\\\/wordpress\\\/geschichte\\\/archiv\\\/21-22-10-99-restaurierter-grenzstein-feierlich-neu-gesetzt\\\/#breadcrumb\",\"itemListElement\":[{\"@type\":\"ListItem\",\"position\":1,\"name\":\"Startseite\",\"item\":\"https:\\\/\\\/eschringen.de\\\/wordpress\\\/\"},{\"@type\":\"ListItem\",\"position\":2,\"name\":\"Geschichte\",\"item\":\"https:\\\/\\\/eschringen.de\\\/wordpress\\\/geschichte\\\/\"},{\"@type\":\"ListItem\",\"position\":3,\"name\":\"Archiv\",\"item\":\"https:\\\/\\\/eschringen.de\\\/wordpress\\\/geschichte\\\/archiv\\\/\"},{\"@type\":\"ListItem\",\"position\":4,\"name\":\"21. + 22.10.1999 &#8211; Restaurierter Grenzstein feierlich neu gesetzt\"}]},{\"@type\":\"WebSite\",\"@id\":\"https:\\\/\\\/eschringen.de\\\/wordpress\\\/#website\",\"url\":\"https:\\\/\\\/eschringen.de\\\/wordpress\\\/\",\"name\":\"Eschringen\",\"description\":\"\",\"publisher\":{\"@id\":\"https:\\\/\\\/eschringen.de\\\/wordpress\\\/#organization\"},\"potentialAction\":[{\"@type\":\"SearchAction\",\"target\":{\"@type\":\"EntryPoint\",\"urlTemplate\":\"https:\\\/\\\/eschringen.de\\\/wordpress\\\/?s={search_term_string}\"},\"query-input\":{\"@type\":\"PropertyValueSpecification\",\"valueRequired\":true,\"valueName\":\"search_term_string\"}}],\"inLanguage\":\"de\"},{\"@type\":\"Organization\",\"@id\":\"https:\\\/\\\/eschringen.de\\\/wordpress\\\/#organization\",\"name\":\"Eschringen\",\"url\":\"https:\\\/\\\/eschringen.de\\\/wordpress\\\/\",\"logo\":{\"@type\":\"ImageObject\",\"inLanguage\":\"de\",\"@id\":\"https:\\\/\\\/eschringen.de\\\/wordpress\\\/#\\\/schema\\\/logo\\\/image\\\/\",\"url\":\"https:\\\/\\\/eschringen.de\\\/wordpress\\\/wp-content\\\/uploads\\\/2017\\\/03\\\/2017_kw15.jpg\",\"contentUrl\":\"https:\\\/\\\/eschringen.de\\\/wordpress\\\/wp-content\\\/uploads\\\/2017\\\/03\\\/2017_kw15.jpg\",\"width\":784,\"height\":447,\"caption\":\"Eschringen\"},\"image\":{\"@id\":\"https:\\\/\\\/eschringen.de\\\/wordpress\\\/#\\\/schema\\\/logo\\\/image\\\/\"}}]}<\/script>\n<!-- \/ Yoast SEO plugin. -->","yoast_head_json":{"title":"21. + 22.10.1999 - Restaurierter Grenzstein feierlich neu gesetzt - Eschringen","robots":{"index":"index","follow":"follow","max-snippet":"max-snippet:-1","max-image-preview":"max-image-preview:large","max-video-preview":"max-video-preview:-1"},"canonical":"https:\/\/eschringen.de\/wordpress\/geschichte\/archiv\/21-22-10-99-restaurierter-grenzstein-feierlich-neu-gesetzt\/","og_locale":"de_DE","og_type":"article","og_title":"21. + 22.10.1999 - Restaurierter Grenzstein feierlich neu gesetzt - Eschringen","og_description":"Vor zwei Jahren begleitete die Eschringer Geschichtswerkstatt Sch\u00fcler der Grundschule bei einer Grenzsteinwanderung entlang der Grenze zwischen Eschringen und Ormesheim, die seit 1974 den Stadtverband Saarbr\u00fccken vom Saarpfalz-Kreis trennt. Dabei entdeckte Roland Schmitt, Leiter der Geschichtswerkstatt, mit einigen Sch\u00fclern eher zuf\u00e4llig den dazugeh\u00f6rigen Stumpf des wenige Wochen zuvor aufgefundenen Bruchst\u00fcckes eines seltenen Grenzsteines. Es handelte ... Weiterlesen ...","og_url":"https:\/\/eschringen.de\/wordpress\/geschichte\/archiv\/21-22-10-99-restaurierter-grenzstein-feierlich-neu-gesetzt\/","og_site_name":"Eschringen","article_modified_time":"2022-08-31T07:02:54+00:00","og_image":[{"url":"https:\/\/eschringen.de\/wordpress\/wp-content\/uploads\/2022\/08\/grenz1-1.jpg","type":"","width":"","height":""}],"twitter_card":"summary_large_image","twitter_misc":{"Gesch\u00e4tzte Lesezeit":"3\u00a0Minuten"},"schema":{"@context":"https:\/\/schema.org","@graph":[{"@type":"WebPage","@id":"https:\/\/eschringen.de\/wordpress\/geschichte\/archiv\/21-22-10-99-restaurierter-grenzstein-feierlich-neu-gesetzt\/","url":"https:\/\/eschringen.de\/wordpress\/geschichte\/archiv\/21-22-10-99-restaurierter-grenzstein-feierlich-neu-gesetzt\/","name":"21. + 22.10.1999 - Restaurierter Grenzstein feierlich neu gesetzt - Eschringen","isPartOf":{"@id":"https:\/\/eschringen.de\/wordpress\/#website"},"primaryImageOfPage":{"@id":"https:\/\/eschringen.de\/wordpress\/geschichte\/archiv\/21-22-10-99-restaurierter-grenzstein-feierlich-neu-gesetzt\/#primaryimage"},"image":{"@id":"https:\/\/eschringen.de\/wordpress\/geschichte\/archiv\/21-22-10-99-restaurierter-grenzstein-feierlich-neu-gesetzt\/#primaryimage"},"thumbnailUrl":"https:\/\/eschringen.de\/wordpress\/wp-content\/uploads\/2022\/08\/grenz1-1.jpg","datePublished":"2017-02-24T11:53:47+00:00","dateModified":"2022-08-31T07:02:54+00:00","breadcrumb":{"@id":"https:\/\/eschringen.de\/wordpress\/geschichte\/archiv\/21-22-10-99-restaurierter-grenzstein-feierlich-neu-gesetzt\/#breadcrumb"},"inLanguage":"de","potentialAction":[{"@type":"ReadAction","target":["https:\/\/eschringen.de\/wordpress\/geschichte\/archiv\/21-22-10-99-restaurierter-grenzstein-feierlich-neu-gesetzt\/"]}]},{"@type":"ImageObject","inLanguage":"de","@id":"https:\/\/eschringen.de\/wordpress\/geschichte\/archiv\/21-22-10-99-restaurierter-grenzstein-feierlich-neu-gesetzt\/#primaryimage","url":"https:\/\/i0.wp.com\/eschringen.de\/wordpress\/wp-content\/uploads\/2022\/08\/grenz1-1.jpg?fit=250%2C238&ssl=1","contentUrl":"https:\/\/i0.wp.com\/eschringen.de\/wordpress\/wp-content\/uploads\/2022\/08\/grenz1-1.jpg?fit=250%2C238&ssl=1","width":250,"height":238},{"@type":"BreadcrumbList","@id":"https:\/\/eschringen.de\/wordpress\/geschichte\/archiv\/21-22-10-99-restaurierter-grenzstein-feierlich-neu-gesetzt\/#breadcrumb","itemListElement":[{"@type":"ListItem","position":1,"name":"Startseite","item":"https:\/\/eschringen.de\/wordpress\/"},{"@type":"ListItem","position":2,"name":"Geschichte","item":"https:\/\/eschringen.de\/wordpress\/geschichte\/"},{"@type":"ListItem","position":3,"name":"Archiv","item":"https:\/\/eschringen.de\/wordpress\/geschichte\/archiv\/"},{"@type":"ListItem","position":4,"name":"21. + 22.10.1999 &#8211; Restaurierter Grenzstein feierlich neu gesetzt"}]},{"@type":"WebSite","@id":"https:\/\/eschringen.de\/wordpress\/#website","url":"https:\/\/eschringen.de\/wordpress\/","name":"Eschringen","description":"","publisher":{"@id":"https:\/\/eschringen.de\/wordpress\/#organization"},"potentialAction":[{"@type":"SearchAction","target":{"@type":"EntryPoint","urlTemplate":"https:\/\/eschringen.de\/wordpress\/?s={search_term_string}"},"query-input":{"@type":"PropertyValueSpecification","valueRequired":true,"valueName":"search_term_string"}}],"inLanguage":"de"},{"@type":"Organization","@id":"https:\/\/eschringen.de\/wordpress\/#organization","name":"Eschringen","url":"https:\/\/eschringen.de\/wordpress\/","logo":{"@type":"ImageObject","inLanguage":"de","@id":"https:\/\/eschringen.de\/wordpress\/#\/schema\/logo\/image\/","url":"https:\/\/eschringen.de\/wordpress\/wp-content\/uploads\/2017\/03\/2017_kw15.jpg","contentUrl":"https:\/\/eschringen.de\/wordpress\/wp-content\/uploads\/2017\/03\/2017_kw15.jpg","width":784,"height":447,"caption":"Eschringen"},"image":{"@id":"https:\/\/eschringen.de\/wordpress\/#\/schema\/logo\/image\/"}}]}},"jetpack_sharing_enabled":true,"_links":{"self":[{"href":"https:\/\/eschringen.de\/wordpress\/wp-json\/wp\/v2\/pages\/1051","targetHints":{"allow":["GET"]}}],"collection":[{"href":"https:\/\/eschringen.de\/wordpress\/wp-json\/wp\/v2\/pages"}],"about":[{"href":"https:\/\/eschringen.de\/wordpress\/wp-json\/wp\/v2\/types\/page"}],"author":[{"embeddable":true,"href":"https:\/\/eschringen.de\/wordpress\/wp-json\/wp\/v2\/users\/1"}],"replies":[{"embeddable":true,"href":"https:\/\/eschringen.de\/wordpress\/wp-json\/wp\/v2\/comments?post=1051"}],"version-history":[{"count":3,"href":"https:\/\/eschringen.de\/wordpress\/wp-json\/wp\/v2\/pages\/1051\/revisions"}],"predecessor-version":[{"id":3938,"href":"https:\/\/eschringen.de\/wordpress\/wp-json\/wp\/v2\/pages\/1051\/revisions\/3938"}],"up":[{"embeddable":true,"href":"https:\/\/eschringen.de\/wordpress\/wp-json\/wp\/v2\/pages\/403"}],"wp:attachment":[{"href":"https:\/\/eschringen.de\/wordpress\/wp-json\/wp\/v2\/media?parent=1051"}],"curies":[{"name":"wp","href":"https:\/\/api.w.org\/{rel}","templated":true}]}}