{"id":1046,"date":"2017-02-24T12:46:53","date_gmt":"2017-02-24T11:46:53","guid":{"rendered":"http:\/\/eschringen.de\/wordpress\/?page_id=1046"},"modified":"2022-08-31T09:02:28","modified_gmt":"2022-08-31T07:02:28","slug":"30-01-00-ausstellung-eschringer-kriegsjahre-1939-1945","status":"publish","type":"page","link":"https:\/\/eschringen.de\/wordpress\/geschichte\/archiv\/30-01-00-ausstellung-eschringer-kriegsjahre-1939-1945\/","title":{"rendered":"30.01.2000 &#8211; Ausstellung &#8222;Eschringer Kriegsjahre 1939-1945&#8220;"},"content":{"rendered":"\n<h5 class=\"wp-block-heading\">Er\u00f6ffnung am 30. Januar 2000 in der &#8222;Posthalterstube&#8220;<\/h5>\n\n\n\n<p>Vor 14 Tagen haben wir hier, im Gasthaus &#8222;Zur Post&#8220;, im Rahmen des <b>Neujahrsempfangs<\/b> der AG Eschringer Vereine, in erster Linie in die Zukunft geblickt und uns das Beste f\u00fcr das Jahr 2000 und das neue Jahrhundert (bzw.- Jahrtausend) gew\u00fcnscht. Da konnte ich auch kurz auf diese Ausstellung hinweisen, und zwar mit der Bemerkung, dass man bisweilen auch zur\u00fcckschauen sollte. Nicht, um vermeintlich &#8222;besseren Zeiten&#8220; nachzuweinen, sondern vielmehr, um &#8211; wie es so sch\u00f6n hei\u00dft &#8211; aus der Geschichte <i>ein bisschen<\/i> <i>wenigstens<\/i> zu lernen. Es gibt da ein Zitat des Historikers Golo Mann, dass einst auch als Motto bei der Gr\u00fcndung unserer Geschichtswerkstatt Erw\u00e4hnung fand:<\/p>\n\n\n\n<p><strong>&#8222;Wer die Vergangenheit nicht kennt, kann die Zukunft nicht meistern.&#8220;<\/strong><\/p>\n\n\n\n<p>Der Zeitabschnitt, den diese Ausstellung &#8211; wenn auch nur bruchst\u00fcckweise &#8211; behandelt und darzustellen versucht, geh\u00f6rt gewiss zu den <strong>traurigen<\/strong> und <strong>negativen H\u00f6hepunkten<\/strong> in der Geschichte Deutschlands und eben auch der Ortsgeschichte Eschringens. Er umfasst die Jahre 1939 bis 1945, genauer die Zeit von September 1939 bis M\u00e4rz 1945. Ausgeblendet ist die <strong>Vorgeschichte<\/strong>, die Machtergreifung der Nationalsozialisten 1933, der Anschluss des Saargebiets an das Deutsche Reich 1935, die verschiedenen kriegsvorbereitenden Stationen, die schlie\u00dflich in die Katastrophe m\u00fcndeten (z. B. der Einmarsch ins Sudentenland). Die Gr\u00fcnde, weshalb es soweit kommen konnte, weshalb ein ganzes Volk mehr oder minder willenlos in den Strudel des Unheils st\u00fcrzte, sind vielf\u00e4ltig, k\u00f6nnen hier nicht ausgebreitet werden. Aus Gespr\u00e4chen mit Eschringer Zeitzeugen ist mir jedenfalls nochmals bewusst geworden, dass gezielte <strong>Desinformation<\/strong> und <strong>Propaganda<\/strong> sowie <strong>bodenlose Versprechungen<\/strong> und <strong>vordergr\u00fcndige Wohltaten<\/strong> zu dieser Gutgl\u00e4ubigkeit in die Machenschaften einer Obrigkeit beigetragen haben. Wir beobachten \u00e4hnliche Ph\u00e4nomene derzeit in anderen Krisenherden der Welt, ob in Tschetschenien oder im ehemaligen Jugoslawien. Entweder gibt es da nur zensierte &#8222;Informationen&#8220; oder eben platte Propaganda. Wir k\u00f6nnen froh sein, dass wir hier in Europa eine lebendige und kritische Medien\u00f6ffentlichkeit haben. Man kann uns heute sicher nicht mehr so leicht f\u00fcr dumm verkaufen, wie das in fr\u00fcheren Zeiten oder in undemokratischen Systemen eben der Fall war bzw. noch ist.<\/p>\n\n\n\n<p>Nun zu dieser Ausstellung an sich:<\/p>\n\n\n\n<p>Das Gros der Fotos stammt von Eschringer <strong>Privatpersonen<\/strong>, die ihre Bilder uns zur Reproduktion \u00fcberlassen haben. Den Rest der Abbildungen kopierten wir aus einschl\u00e4gigen <strong>regionalgeschichtlichen Ver\u00f6ffentlichungen<\/strong>, z. B. auch diverse Fotos der US-Army, die eigentlich aus dem Privatarchiv von Herrn Jung aus A\u00dfweiler stammen. Nicht alle konnten bisher genau datiert und lokalisiert werden. Aber wir haben uns die gr\u00f6\u00dfte M\u00fche in den vergangenen Monaten gegeben. Wenn Sie Fehler feststellen oder erg\u00e4nzende Informationen haben, dann teilen Sie diese uns zwecks Korrektur mit. Das ganze Schrecken des Krieges, speziell hier in Eschringen, l\u00e4sst sich bildlich nicht darstellen. Uns fehlen z. B. brauchbare Fotos aus der Zeit der <strong>Evakuierungen<\/strong>, und uns fehlen geeignete Fotos, die den <strong>Kriegsalltag<\/strong> wiedergeben, z. B. Aufnahmen aus den Bunkern, die es hier in Eschringen gab.<\/p>\n\n\n\n<p>Die Fotos haben wir grob <strong>vier<\/strong> Bereichen zugeteilt:<\/p>\n\n\n\n<ul class=\"wp-block-list\"><li>die Evakuierung und Kriegsbeginn 1939\/1940<\/li><li>die R\u00fcckkehr aus der Evakuierung und den sog. &#8222;Wiederaufbau&#8220; 1940-1942<\/li><li>die Kriegsjahre 1942-1944 mit den Bombenn\u00e4chten und die 2. Evakuierung<\/li><li>die Einnahme Eschringens am 15. M\u00e4rz 1945, die das Kriegsende und &#8211; wie es auch Heinrich Moog formulierte &#8211; das Ende der NS-Diktatur bedeutete.<\/li><\/ul>\n\n\n\n<p>Diese Bilder k\u00f6nnen nat\u00fcrlich nur sehr schwach das wiedergeben, was die Menschen damals in Eschringen und anderswo erleiden mussten. Deshalb suchen wir auch noch Augenzeugenberichte und Tagebuchaufzeichnungen, eigentlich Texte aller Art, die diese unheilvolle Zeit plastischer und f\u00fcr Menschen nachfolgender Generationen erfahrbarer machen. Diese sollen &#8211; mit einem Teil der Fotos &#8211; n\u00e4mlich in eine Publikation m\u00fcnden, wie sie unsere Nachbarn im Mandelbachtal bereits vor einigen Jahren ver\u00f6ffentlichten. (&#8222;Tageb\u00fccher und Erlebnisberichte aus dem Zweiten Weltkrieg&#8220;, 1995)<\/p>\n\n\n\n<p>Noch ein Wort zu unserer lothringischen Partnergemeinde Escherange.<\/p>\n\n\n\n<p>Dass die Kontakte nicht intensiver sind, liegt vielleicht auch an den Ressentiments, die es dort, vor allem unter den \u00c4lteren gegen\u00fcber Deutschen noch gibt. Man muss sich das nochmals vor Augen f\u00fchren. Escherange wurde nach 1940 praktisch dem Erdboden gleichgemacht. Was der deutsche Angriff nicht zerst\u00f6rt hatte, machte der sp\u00e4tere &#8222;Wiederaufbau&#8220; zunichte. So wurde z. B. die Kirche St. Peter abgerissen, und alle anderen H\u00e4user und H\u00f6fe (bis auf einen!) ebenfalls. Im Rahmen der sog. &#8222;Germanisierung&#8220; sollte dort ein nationalsozialistisches Musterdorf entstehen. Das nur am Rande.<\/p>\n\n\n\n<p>Genug der Worte. Ich hoffe mit den \u00fcbrigen Mitstreitern der Geschichtswerkstatt, das Sie diese kleine Ausstellung interessiert und Sie vielleicht sogar inspiriert, um auch etwas zu unserem bereits erw\u00e4hnten Sonderheft beisteuern zu k\u00f6nnen.<\/p>\n\n\n\n<p>Roland Schmitt, Leiter der Geschichtswerkstatt Eschringen<\/p>\n","protected":false},"excerpt":{"rendered":"<p>Er\u00f6ffnung am 30. Januar 2000 in der &#8222;Posthalterstube&#8220; Vor 14 Tagen haben wir hier, im Gasthaus &#8222;Zur Post&#8220;, im Rahmen des Neujahrsempfangs der AG Eschringer Vereine, in erster Linie in die Zukunft geblickt und uns das Beste f\u00fcr das Jahr 2000 und das neue Jahrhundert (bzw.- Jahrtausend) gew\u00fcnscht. Da konnte ich auch kurz auf diese &#8230; <a title=\"30.01.2000 &#8211; Ausstellung &#8222;Eschringer Kriegsjahre 1939-1945&#8220;\" class=\"read-more\" href=\"https:\/\/eschringen.de\/wordpress\/geschichte\/archiv\/30-01-00-ausstellung-eschringer-kriegsjahre-1939-1945\/\" aria-label=\"Mehr Informationen \u00fcber 30.01.2000 &#8211; Ausstellung &#8222;Eschringer Kriegsjahre 1939-1945&#8220;\">Weiterlesen &#8230;<\/a><\/p>\n","protected":false},"author":1,"featured_media":0,"parent":403,"menu_order":73,"comment_status":"closed","ping_status":"closed","template":"","meta":{"ngg_post_thumbnail":0,"footnotes":""},"class_list":["post-1046","page","type-page","status-publish"],"yoast_head":"<!-- This site is optimized with the Yoast SEO plugin v27.4 - https:\/\/yoast.com\/product\/yoast-seo-wordpress\/ -->\n<title>30.01.2000 - Ausstellung &quot;Eschringer Kriegsjahre 1939-1945&quot; - Eschringen<\/title>\n<meta name=\"robots\" content=\"index, follow, max-snippet:-1, max-image-preview:large, max-video-preview:-1\" \/>\n<link rel=\"canonical\" href=\"https:\/\/eschringen.de\/wordpress\/geschichte\/archiv\/30-01-00-ausstellung-eschringer-kriegsjahre-1939-1945\/\" \/>\n<meta property=\"og:locale\" content=\"de_DE\" \/>\n<meta property=\"og:type\" content=\"article\" \/>\n<meta property=\"og:title\" content=\"30.01.2000 - Ausstellung &quot;Eschringer Kriegsjahre 1939-1945&quot; - Eschringen\" \/>\n<meta property=\"og:description\" content=\"Er\u00f6ffnung am 30. Januar 2000 in der &#8222;Posthalterstube&#8220; Vor 14 Tagen haben wir hier, im Gasthaus &#8222;Zur Post&#8220;, im Rahmen des Neujahrsempfangs der AG Eschringer Vereine, in erster Linie in die Zukunft geblickt und uns das Beste f\u00fcr das Jahr 2000 und das neue Jahrhundert (bzw.- Jahrtausend) gew\u00fcnscht. Da konnte ich auch kurz auf diese ... Weiterlesen ...\" \/>\n<meta property=\"og:url\" content=\"https:\/\/eschringen.de\/wordpress\/geschichte\/archiv\/30-01-00-ausstellung-eschringer-kriegsjahre-1939-1945\/\" \/>\n<meta property=\"og:site_name\" content=\"Eschringen\" \/>\n<meta property=\"article:modified_time\" content=\"2022-08-31T07:02:28+00:00\" \/>\n<meta name=\"twitter:card\" content=\"summary_large_image\" \/>\n<meta name=\"twitter:label1\" content=\"Gesch\u00e4tzte Lesezeit\" \/>\n\t<meta name=\"twitter:data1\" content=\"5\u00a0Minuten\" \/>\n<script type=\"application\/ld+json\" class=\"yoast-schema-graph\">{\"@context\":\"https:\\\/\\\/schema.org\",\"@graph\":[{\"@type\":\"WebPage\",\"@id\":\"https:\\\/\\\/eschringen.de\\\/wordpress\\\/geschichte\\\/archiv\\\/30-01-00-ausstellung-eschringer-kriegsjahre-1939-1945\\\/\",\"url\":\"https:\\\/\\\/eschringen.de\\\/wordpress\\\/geschichte\\\/archiv\\\/30-01-00-ausstellung-eschringer-kriegsjahre-1939-1945\\\/\",\"name\":\"30.01.2000 - Ausstellung \\\"Eschringer Kriegsjahre 1939-1945\\\" - Eschringen\",\"isPartOf\":{\"@id\":\"https:\\\/\\\/eschringen.de\\\/wordpress\\\/#website\"},\"datePublished\":\"2017-02-24T11:46:53+00:00\",\"dateModified\":\"2022-08-31T07:02:28+00:00\",\"breadcrumb\":{\"@id\":\"https:\\\/\\\/eschringen.de\\\/wordpress\\\/geschichte\\\/archiv\\\/30-01-00-ausstellung-eschringer-kriegsjahre-1939-1945\\\/#breadcrumb\"},\"inLanguage\":\"de\",\"potentialAction\":[{\"@type\":\"ReadAction\",\"target\":[\"https:\\\/\\\/eschringen.de\\\/wordpress\\\/geschichte\\\/archiv\\\/30-01-00-ausstellung-eschringer-kriegsjahre-1939-1945\\\/\"]}]},{\"@type\":\"BreadcrumbList\",\"@id\":\"https:\\\/\\\/eschringen.de\\\/wordpress\\\/geschichte\\\/archiv\\\/30-01-00-ausstellung-eschringer-kriegsjahre-1939-1945\\\/#breadcrumb\",\"itemListElement\":[{\"@type\":\"ListItem\",\"position\":1,\"name\":\"Startseite\",\"item\":\"https:\\\/\\\/eschringen.de\\\/wordpress\\\/\"},{\"@type\":\"ListItem\",\"position\":2,\"name\":\"Geschichte\",\"item\":\"https:\\\/\\\/eschringen.de\\\/wordpress\\\/geschichte\\\/\"},{\"@type\":\"ListItem\",\"position\":3,\"name\":\"Archiv\",\"item\":\"https:\\\/\\\/eschringen.de\\\/wordpress\\\/geschichte\\\/archiv\\\/\"},{\"@type\":\"ListItem\",\"position\":4,\"name\":\"30.01.2000 &#8211; Ausstellung &#8222;Eschringer Kriegsjahre 1939-1945&#8220;\"}]},{\"@type\":\"WebSite\",\"@id\":\"https:\\\/\\\/eschringen.de\\\/wordpress\\\/#website\",\"url\":\"https:\\\/\\\/eschringen.de\\\/wordpress\\\/\",\"name\":\"Eschringen\",\"description\":\"\",\"publisher\":{\"@id\":\"https:\\\/\\\/eschringen.de\\\/wordpress\\\/#organization\"},\"potentialAction\":[{\"@type\":\"SearchAction\",\"target\":{\"@type\":\"EntryPoint\",\"urlTemplate\":\"https:\\\/\\\/eschringen.de\\\/wordpress\\\/?s={search_term_string}\"},\"query-input\":{\"@type\":\"PropertyValueSpecification\",\"valueRequired\":true,\"valueName\":\"search_term_string\"}}],\"inLanguage\":\"de\"},{\"@type\":\"Organization\",\"@id\":\"https:\\\/\\\/eschringen.de\\\/wordpress\\\/#organization\",\"name\":\"Eschringen\",\"url\":\"https:\\\/\\\/eschringen.de\\\/wordpress\\\/\",\"logo\":{\"@type\":\"ImageObject\",\"inLanguage\":\"de\",\"@id\":\"https:\\\/\\\/eschringen.de\\\/wordpress\\\/#\\\/schema\\\/logo\\\/image\\\/\",\"url\":\"https:\\\/\\\/eschringen.de\\\/wordpress\\\/wp-content\\\/uploads\\\/2017\\\/03\\\/2017_kw15.jpg\",\"contentUrl\":\"https:\\\/\\\/eschringen.de\\\/wordpress\\\/wp-content\\\/uploads\\\/2017\\\/03\\\/2017_kw15.jpg\",\"width\":784,\"height\":447,\"caption\":\"Eschringen\"},\"image\":{\"@id\":\"https:\\\/\\\/eschringen.de\\\/wordpress\\\/#\\\/schema\\\/logo\\\/image\\\/\"}}]}<\/script>\n<!-- \/ Yoast SEO plugin. -->","yoast_head_json":{"title":"30.01.2000 - Ausstellung \"Eschringer Kriegsjahre 1939-1945\" - Eschringen","robots":{"index":"index","follow":"follow","max-snippet":"max-snippet:-1","max-image-preview":"max-image-preview:large","max-video-preview":"max-video-preview:-1"},"canonical":"https:\/\/eschringen.de\/wordpress\/geschichte\/archiv\/30-01-00-ausstellung-eschringer-kriegsjahre-1939-1945\/","og_locale":"de_DE","og_type":"article","og_title":"30.01.2000 - Ausstellung \"Eschringer Kriegsjahre 1939-1945\" - Eschringen","og_description":"Er\u00f6ffnung am 30. Januar 2000 in der &#8222;Posthalterstube&#8220; Vor 14 Tagen haben wir hier, im Gasthaus &#8222;Zur Post&#8220;, im Rahmen des Neujahrsempfangs der AG Eschringer Vereine, in erster Linie in die Zukunft geblickt und uns das Beste f\u00fcr das Jahr 2000 und das neue Jahrhundert (bzw.- Jahrtausend) gew\u00fcnscht. Da konnte ich auch kurz auf diese ... Weiterlesen ...","og_url":"https:\/\/eschringen.de\/wordpress\/geschichte\/archiv\/30-01-00-ausstellung-eschringer-kriegsjahre-1939-1945\/","og_site_name":"Eschringen","article_modified_time":"2022-08-31T07:02:28+00:00","twitter_card":"summary_large_image","twitter_misc":{"Gesch\u00e4tzte Lesezeit":"5\u00a0Minuten"},"schema":{"@context":"https:\/\/schema.org","@graph":[{"@type":"WebPage","@id":"https:\/\/eschringen.de\/wordpress\/geschichte\/archiv\/30-01-00-ausstellung-eschringer-kriegsjahre-1939-1945\/","url":"https:\/\/eschringen.de\/wordpress\/geschichte\/archiv\/30-01-00-ausstellung-eschringer-kriegsjahre-1939-1945\/","name":"30.01.2000 - Ausstellung \"Eschringer Kriegsjahre 1939-1945\" - Eschringen","isPartOf":{"@id":"https:\/\/eschringen.de\/wordpress\/#website"},"datePublished":"2017-02-24T11:46:53+00:00","dateModified":"2022-08-31T07:02:28+00:00","breadcrumb":{"@id":"https:\/\/eschringen.de\/wordpress\/geschichte\/archiv\/30-01-00-ausstellung-eschringer-kriegsjahre-1939-1945\/#breadcrumb"},"inLanguage":"de","potentialAction":[{"@type":"ReadAction","target":["https:\/\/eschringen.de\/wordpress\/geschichte\/archiv\/30-01-00-ausstellung-eschringer-kriegsjahre-1939-1945\/"]}]},{"@type":"BreadcrumbList","@id":"https:\/\/eschringen.de\/wordpress\/geschichte\/archiv\/30-01-00-ausstellung-eschringer-kriegsjahre-1939-1945\/#breadcrumb","itemListElement":[{"@type":"ListItem","position":1,"name":"Startseite","item":"https:\/\/eschringen.de\/wordpress\/"},{"@type":"ListItem","position":2,"name":"Geschichte","item":"https:\/\/eschringen.de\/wordpress\/geschichte\/"},{"@type":"ListItem","position":3,"name":"Archiv","item":"https:\/\/eschringen.de\/wordpress\/geschichte\/archiv\/"},{"@type":"ListItem","position":4,"name":"30.01.2000 &#8211; Ausstellung &#8222;Eschringer Kriegsjahre 1939-1945&#8220;"}]},{"@type":"WebSite","@id":"https:\/\/eschringen.de\/wordpress\/#website","url":"https:\/\/eschringen.de\/wordpress\/","name":"Eschringen","description":"","publisher":{"@id":"https:\/\/eschringen.de\/wordpress\/#organization"},"potentialAction":[{"@type":"SearchAction","target":{"@type":"EntryPoint","urlTemplate":"https:\/\/eschringen.de\/wordpress\/?s={search_term_string}"},"query-input":{"@type":"PropertyValueSpecification","valueRequired":true,"valueName":"search_term_string"}}],"inLanguage":"de"},{"@type":"Organization","@id":"https:\/\/eschringen.de\/wordpress\/#organization","name":"Eschringen","url":"https:\/\/eschringen.de\/wordpress\/","logo":{"@type":"ImageObject","inLanguage":"de","@id":"https:\/\/eschringen.de\/wordpress\/#\/schema\/logo\/image\/","url":"https:\/\/eschringen.de\/wordpress\/wp-content\/uploads\/2017\/03\/2017_kw15.jpg","contentUrl":"https:\/\/eschringen.de\/wordpress\/wp-content\/uploads\/2017\/03\/2017_kw15.jpg","width":784,"height":447,"caption":"Eschringen"},"image":{"@id":"https:\/\/eschringen.de\/wordpress\/#\/schema\/logo\/image\/"}}]}},"jetpack_sharing_enabled":true,"_links":{"self":[{"href":"https:\/\/eschringen.de\/wordpress\/wp-json\/wp\/v2\/pages\/1046","targetHints":{"allow":["GET"]}}],"collection":[{"href":"https:\/\/eschringen.de\/wordpress\/wp-json\/wp\/v2\/pages"}],"about":[{"href":"https:\/\/eschringen.de\/wordpress\/wp-json\/wp\/v2\/types\/page"}],"author":[{"embeddable":true,"href":"https:\/\/eschringen.de\/wordpress\/wp-json\/wp\/v2\/users\/1"}],"replies":[{"embeddable":true,"href":"https:\/\/eschringen.de\/wordpress\/wp-json\/wp\/v2\/comments?post=1046"}],"version-history":[{"count":2,"href":"https:\/\/eschringen.de\/wordpress\/wp-json\/wp\/v2\/pages\/1046\/revisions"}],"predecessor-version":[{"id":3936,"href":"https:\/\/eschringen.de\/wordpress\/wp-json\/wp\/v2\/pages\/1046\/revisions\/3936"}],"up":[{"embeddable":true,"href":"https:\/\/eschringen.de\/wordpress\/wp-json\/wp\/v2\/pages\/403"}],"wp:attachment":[{"href":"https:\/\/eschringen.de\/wordpress\/wp-json\/wp\/v2\/media?parent=1046"}],"curies":[{"name":"wp","href":"https:\/\/api.w.org\/{rel}","templated":true}]}}