{"id":1040,"date":"2017-02-24T12:33:41","date_gmt":"2017-02-24T11:33:41","guid":{"rendered":"http:\/\/eschringen.de\/wordpress\/?page_id=1040"},"modified":"2022-08-31T09:01:40","modified_gmt":"2022-08-31T07:01:40","slug":"27-05-00-exkursion-der-geschichtswerkstatt-ins-krumme-elsass","status":"publish","type":"page","link":"https:\/\/eschringen.de\/wordpress\/geschichte\/archiv\/27-05-00-exkursion-der-geschichtswerkstatt-ins-krumme-elsass\/","title":{"rendered":"27.05.2000 &#8211; Exkursion der Geschichtswerkstatt ins &#8222;Krumme Elsass&#8220;"},"content":{"rendered":"<div class=\"wp-block-image\">\n<figure class=\"alignright\"><img data-recalc-dims=\"1\" loading=\"lazy\" decoding=\"async\" width=\"400\" height=\"475\" src=\"https:\/\/i0.wp.com\/eschringen.de\/wordpress\/wp-content\/uploads\/2022\/08\/krumme1.jpg?resize=400%2C475&#038;ssl=1\" alt=\"\" class=\"wp-image-3923\" srcset=\"https:\/\/i0.wp.com\/eschringen.de\/wordpress\/wp-content\/uploads\/2022\/08\/krumme1.jpg?w=400&amp;ssl=1 400w, https:\/\/i0.wp.com\/eschringen.de\/wordpress\/wp-content\/uploads\/2022\/08\/krumme1.jpg?resize=253%2C300&amp;ssl=1 253w\" sizes=\"auto, (max-width: 400px) 100vw, 400px\" \/><\/figure>\n<\/div>\n\n\n<p>Nach f\u00fcnfj\u00e4hriger Pause f\u00fchrte die Eschringer Geschichtswerkstatt am 27. Mai 2000 wieder eine historisch ausgerichtete Bustagesfahrt durch. Ziel war dieses Mal das &#8222;Krumme Elsass&#8220; bzw. Orte der ehemals zum F\u00fcrstentum Nassau-Saarbr\u00fccken geh\u00f6rigen Grafschaft Saarwerden.<\/p>\n\n\n\n<p>Bekanntlich reicht das &#8222;Krumme Elsass&#8220; in lothringisches Gebiet wie ein Zacken hinein. Nach dem 30j\u00e4hrigen Krieg blieb diese Region unter der Lehnsherrschaft des deutschen Kaiserreiches und wurde erst 1793 franz\u00f6sisch. Verschiedene Nationalit\u00e4ten, Holl\u00e4nder, Schweizer, Deutsche und \u00d6sterreicher mit ihren unterschiedlichen Glaubensrichtungen, lernten hier ein friedliches Miteinander, weshalb das &#8222;Krumme Elsass&#8220; gerne als kleine europ\u00e4ische Keimzelle betrachtet wird.<\/p>\n\n\n<div class=\"wp-block-image\">\n<figure class=\"alignleft\"><img data-recalc-dims=\"1\" loading=\"lazy\" decoding=\"async\" width=\"214\" height=\"300\" src=\"https:\/\/i0.wp.com\/eschringen.de\/wordpress\/wp-content\/uploads\/2022\/08\/krumme4.jpg?resize=214%2C300&#038;ssl=1\" alt=\"\" class=\"wp-image-3924\"\/><\/figure>\n<\/div>\n\n\n<p>Roland Schmitt, Leiter der Geschichtswerkstatt, konnte eine fast 50-k\u00f6pfige Reisegruppe begr\u00fcssen, der neben Einheimischen und Interessierten aus den Nachbargemeinden auch G\u00e4ste aus Sulzbach, Saarlouis, selbst der m\u00fcnsterl\u00e4ndischen Stadt Werne angeh\u00f6rten. Los ging es vom Treffpunkt am Gasthaus &#8222;Zur Post&#8220; \u00fcber Sarreguemines, Herbitzheim und Oermingen nach Lorentzen, der ersten Station. Das schmucke Stra\u00dfendorf an dem Saarnebenfl\u00fcsschen Eichel ist nach dem heiligen Laurentius benannt, bekanntlich auch der Schutzpatron Eschringens. Vor dem ehemaligen Wasserschloss, das einst Friedrich II. von Saarwerden zwischen 1328 und 1334 erbauen lie\u00df und das \u00fcber die Jahrhunderte einige Ver\u00e4nderungen erfahren hatte, nahm Mme Herta Muller die Reisegruppe in Empfang.<\/p>\n\n\n<div class=\"wp-block-image\">\n<figure class=\"alignright\"><img data-recalc-dims=\"1\" loading=\"lazy\" decoding=\"async\" width=\"300\" height=\"199\" src=\"https:\/\/i0.wp.com\/eschringen.de\/wordpress\/wp-content\/uploads\/2022\/08\/krumme2.jpg?resize=300%2C199&#038;ssl=1\" alt=\"\" class=\"wp-image-3926\"\/><figcaption>Mme. Herta Muller erz\u00e4hlt von der Ortsgeschichte Lorentzus (li.: die evangelische Kirche; re.: die alte M\u00fchle)<\/figcaption><\/figure>\n<\/div>\n\n\n<p>Sie erl\u00e4uterte kundig die Besonderheiten des Dorfes, dessen fast geschlossene Architektur aus dem 18. Jahrhundert stammt. Mme Muller geleitete die Gruppe in die evangelische Kirche mit dem mittelalterlichen Turm und in das Schlossensemble mit Zehntscheuer und M\u00fchle. Als eine der wenigen Residenzen der F\u00fcrsten von Nassau-Saarbr\u00fccken hat das seit 200 Jahren privat genutzte und bewohnte Schloss die Franz\u00f6sische Revolution unbeschadet \u00fcberdauert.<\/p>\n\n\n\n<p>Abschlie\u00dfend zeigte Mme Muller den Besuchern, was die Gemeinde Lorentzen aus der ehemaligen katholischen St. Laurentius-Kirche, die nach Pl\u00e4nen von F. J. Stengel um 1768 erbaut worden war, geschaffen hat. Sie beherbergt inzwischen einen Saal f\u00fcr kulturelle Veranstaltungen sowie eine Bibliothek; ein drohender Abriss konnte somit vermieden werden. In nachfolgenden Gespr\u00e4chen wurde deutlich, dass es bemerkenswerte Verbindungen zwischen Eschringen und seinen Nachbargemeinden und Lorentzen gibt, sowohl in Sagen (z. B. vom &#8222;(Sch)lappehut&#8220;) als auch in fast vergessenen zwischenmenschlichen Beziehungen. Mme Muller k\u00fcndigte an, mit der Geschichtswerkstatt in Kontakt zu bleiben und lokalspezifische Erkenntnisse auszutauschen.<\/p>\n\n\n<div class=\"wp-block-image\">\n<figure class=\"alignleft\"><img data-recalc-dims=\"1\" loading=\"lazy\" decoding=\"async\" width=\"236\" height=\"300\" src=\"https:\/\/i0.wp.com\/eschringen.de\/wordpress\/wp-content\/uploads\/2022\/08\/krumme5.jpg?resize=236%2C300&#038;ssl=1\" alt=\"\" class=\"wp-image-3927\"\/><figcaption>Pfarrer Hubert Fichter erl\u00e4utert die Besonderheiten der Stengelkirche in Harskirchen<\/figcaption><\/figure>\n<\/div>\n\n\n<p>Von Lorentzen f\u00fchrte der Weg \u00fcber Domfessel und Sarre-Union schlie\u00dflich nach <a href=\"http:\/\/www.saarlandbilder.de\/canal_houilleres\/harskirchen.htm\" target=\"_blank\" rel=\"noopener\">Harskirchen<\/a>, wo im Restaurant &#8222;Belle Vue&#8220; der Mittagstisch die Reisegruppe erwartete. Auf das schmackhafte Menu folgte dann im Ortszentrum die Besichtigung der gr\u00f6\u00dften Stengel-Kirche des Krummen Elsass\u2019. In der h\u00fcbschen Gemeinde (ehemals Sitz des f\u00fcr die nassau-saarbr\u00fcckischen Teile der Grafschaft Saarwerden zust\u00e4ndigen Oberamtes) ragt die evangelische Kirche, die zwischen 1766-67 nach den Pl\u00e4nen von F. J. Stengel erbaut wurde, deutlich heraus. Pfarrer Hubert Fichter erl\u00e4uterte kompetent und engagiert die Besonderheiten dieses beachtlichen Sakralbaus. Wie die meisten evangelischen Kirchen von Stengel besitzt er drei Portale. Im Inneren waren Fresken zu bewundern, die die Portr\u00e4ts der 12 Apostel darstellen. Pfarrer Fichter \u00e4u\u00dferte seine Hoffnung, dass in absehbarer Zeit eine umfassende Renovierung dieser sehenswerten Kirche erfolgen werde.<\/p>\n\n\n<div class=\"wp-block-image\">\n<figure class=\"alignright\"><img data-recalc-dims=\"1\" loading=\"lazy\" decoding=\"async\" width=\"300\" height=\"161\" src=\"https:\/\/i0.wp.com\/eschringen.de\/wordpress\/wp-content\/uploads\/2022\/08\/krumme3.jpg?resize=300%2C161&#038;ssl=1\" alt=\"\" class=\"wp-image-3928\"\/><figcaption>Die Reisegruppe vor dem &#8222;Mus\u00e9e de l&#8217;Alsace Bossue&#8220;<\/figcaption><\/figure>\n<\/div>\n\n\n<p>Die letzte Station der Exkursion bildete Sarre-Union mit seinem &#8222;Museum des Krummen Elsass&#8220;. Die Hauptstadt des &#8222;Alsace Bossue&#8220; war 1794 durch Zusammenlegung des Ortes Bockenheim (Bouquenom) am rechten Ufer der Saar mit dem zu Beginn des 18. Jahrhunderts am linken Ufer gegr\u00fcndeten Neu-Saarwerden entstanden. Nach dem Tod des letzten Grafen von Saarwerden 1397 ging Bouquenom in den Besitz des Grafen von Nassau-Saarbr\u00fccken \u00fcber. Die Stadt, ehemaliges Lehen des Bischofs von Metz, wurde 1527 an zu einem Zankapfel zwischen den H\u00e4usern Lothringen und Nassau. Der Vertrag von Rijswijk 1697 nahm den Nassau-Saarbr\u00fcckern ihre Hauptstadt, die damals an Lothringen fiel. Deshalb beschlossen sie den Bau einer neuen Stadt: Neu-Saarwerden (heute Villeneuve) wurde seinerzeit auch zum Zufluchtsort zahlreicher franz\u00f6sischer Hugenotten, denen die Nassau-Saarbr\u00fccker Heimatrecht anboten. Bouquenom fiel 1766 nach dem Tod des letzten Herzogs von Lothringen an Frankreich.<\/p>\n\n\n\n<p>Nach einer letzten Verschnaufpause trat die Reisegruppe der Eschringer Geschichtswerkstatt die Heimfahrt \u00fcber Sarralbe und Sarreguemines an. Die Teilnehmer waren sich mit Leiter Roland Schmitt einig, dass diese sch\u00f6ne Nachbarregion vor der &#8222;saarl\u00e4ndischen Haust\u00fcre&#8220; gewiss eine weitere Visite wert sei.<\/p>\n\n\n\n<p>Dass die Reisegruppe letztlich gro\u00dfes Gl\u00fcck gehabt hatte, stellte sich unmittelbar nach Ankunft in Eschringen heraus. Busfahrer G\u00e9rard W\u00e4chter musste mit Schrecken feststellen, dass zwei Hinterreifen des nagelneuen Busses geplatzt waren. Nicht auszudenken, wenn diese Panne unterwegs passiert w\u00e4re!<\/p>\n","protected":false},"excerpt":{"rendered":"<p>Nach f\u00fcnfj\u00e4hriger Pause f\u00fchrte die Eschringer Geschichtswerkstatt am 27. Mai 2000 wieder eine historisch ausgerichtete Bustagesfahrt durch. Ziel war dieses Mal das &#8222;Krumme Elsass&#8220; bzw. Orte der ehemals zum F\u00fcrstentum Nassau-Saarbr\u00fccken geh\u00f6rigen Grafschaft Saarwerden. Bekanntlich reicht das &#8222;Krumme Elsass&#8220; in lothringisches Gebiet wie ein Zacken hinein. Nach dem 30j\u00e4hrigen Krieg blieb diese Region unter der &#8230; <a title=\"27.05.2000 &#8211; Exkursion der Geschichtswerkstatt ins &#8222;Krumme Elsass&#8220;\" class=\"read-more\" href=\"https:\/\/eschringen.de\/wordpress\/geschichte\/archiv\/27-05-00-exkursion-der-geschichtswerkstatt-ins-krumme-elsass\/\" aria-label=\"Mehr Informationen \u00fcber 27.05.2000 &#8211; Exkursion der Geschichtswerkstatt ins &#8222;Krumme Elsass&#8220;\">Weiterlesen &#8230;<\/a><\/p>\n","protected":false},"author":1,"featured_media":0,"parent":403,"menu_order":70,"comment_status":"closed","ping_status":"closed","template":"","meta":{"ngg_post_thumbnail":0,"footnotes":""},"class_list":["post-1040","page","type-page","status-publish"],"yoast_head":"<!-- This site is optimized with the Yoast SEO plugin v27.4 - https:\/\/yoast.com\/product\/yoast-seo-wordpress\/ -->\n<title>27.05.2000 - Exkursion der Geschichtswerkstatt ins &quot;Krumme Elsass&quot; - Eschringen<\/title>\n<meta name=\"robots\" content=\"index, follow, max-snippet:-1, max-image-preview:large, max-video-preview:-1\" \/>\n<link rel=\"canonical\" href=\"https:\/\/eschringen.de\/wordpress\/geschichte\/archiv\/27-05-00-exkursion-der-geschichtswerkstatt-ins-krumme-elsass\/\" \/>\n<meta property=\"og:locale\" content=\"de_DE\" \/>\n<meta property=\"og:type\" content=\"article\" \/>\n<meta property=\"og:title\" content=\"27.05.2000 - Exkursion der Geschichtswerkstatt ins &quot;Krumme Elsass&quot; - Eschringen\" \/>\n<meta property=\"og:description\" content=\"Nach f\u00fcnfj\u00e4hriger Pause f\u00fchrte die Eschringer Geschichtswerkstatt am 27. Mai 2000 wieder eine historisch ausgerichtete Bustagesfahrt durch. Ziel war dieses Mal das &#8222;Krumme Elsass&#8220; bzw. Orte der ehemals zum F\u00fcrstentum Nassau-Saarbr\u00fccken geh\u00f6rigen Grafschaft Saarwerden. Bekanntlich reicht das &#8222;Krumme Elsass&#8220; in lothringisches Gebiet wie ein Zacken hinein. Nach dem 30j\u00e4hrigen Krieg blieb diese Region unter der ... Weiterlesen ...\" \/>\n<meta property=\"og:url\" content=\"https:\/\/eschringen.de\/wordpress\/geschichte\/archiv\/27-05-00-exkursion-der-geschichtswerkstatt-ins-krumme-elsass\/\" \/>\n<meta property=\"og:site_name\" content=\"Eschringen\" \/>\n<meta property=\"article:modified_time\" content=\"2022-08-31T07:01:40+00:00\" \/>\n<meta property=\"og:image\" content=\"https:\/\/eschringen.de\/wordpress\/wp-content\/uploads\/2022\/08\/krumme1.jpg\" \/>\n<meta name=\"twitter:card\" content=\"summary_large_image\" \/>\n<script type=\"application\/ld+json\" class=\"yoast-schema-graph\">{\"@context\":\"https:\\\/\\\/schema.org\",\"@graph\":[{\"@type\":\"WebPage\",\"@id\":\"https:\\\/\\\/eschringen.de\\\/wordpress\\\/geschichte\\\/archiv\\\/27-05-00-exkursion-der-geschichtswerkstatt-ins-krumme-elsass\\\/\",\"url\":\"https:\\\/\\\/eschringen.de\\\/wordpress\\\/geschichte\\\/archiv\\\/27-05-00-exkursion-der-geschichtswerkstatt-ins-krumme-elsass\\\/\",\"name\":\"27.05.2000 - Exkursion der Geschichtswerkstatt ins \\\"Krumme Elsass\\\" - Eschringen\",\"isPartOf\":{\"@id\":\"https:\\\/\\\/eschringen.de\\\/wordpress\\\/#website\"},\"primaryImageOfPage\":{\"@id\":\"https:\\\/\\\/eschringen.de\\\/wordpress\\\/geschichte\\\/archiv\\\/27-05-00-exkursion-der-geschichtswerkstatt-ins-krumme-elsass\\\/#primaryimage\"},\"image\":{\"@id\":\"https:\\\/\\\/eschringen.de\\\/wordpress\\\/geschichte\\\/archiv\\\/27-05-00-exkursion-der-geschichtswerkstatt-ins-krumme-elsass\\\/#primaryimage\"},\"thumbnailUrl\":\"https:\\\/\\\/eschringen.de\\\/wordpress\\\/wp-content\\\/uploads\\\/2022\\\/08\\\/krumme1.jpg\",\"datePublished\":\"2017-02-24T11:33:41+00:00\",\"dateModified\":\"2022-08-31T07:01:40+00:00\",\"breadcrumb\":{\"@id\":\"https:\\\/\\\/eschringen.de\\\/wordpress\\\/geschichte\\\/archiv\\\/27-05-00-exkursion-der-geschichtswerkstatt-ins-krumme-elsass\\\/#breadcrumb\"},\"inLanguage\":\"de\",\"potentialAction\":[{\"@type\":\"ReadAction\",\"target\":[\"https:\\\/\\\/eschringen.de\\\/wordpress\\\/geschichte\\\/archiv\\\/27-05-00-exkursion-der-geschichtswerkstatt-ins-krumme-elsass\\\/\"]}]},{\"@type\":\"ImageObject\",\"inLanguage\":\"de\",\"@id\":\"https:\\\/\\\/eschringen.de\\\/wordpress\\\/geschichte\\\/archiv\\\/27-05-00-exkursion-der-geschichtswerkstatt-ins-krumme-elsass\\\/#primaryimage\",\"url\":\"https:\\\/\\\/i0.wp.com\\\/eschringen.de\\\/wordpress\\\/wp-content\\\/uploads\\\/2022\\\/08\\\/krumme1.jpg?fit=400%2C475&ssl=1\",\"contentUrl\":\"https:\\\/\\\/i0.wp.com\\\/eschringen.de\\\/wordpress\\\/wp-content\\\/uploads\\\/2022\\\/08\\\/krumme1.jpg?fit=400%2C475&ssl=1\",\"width\":400,\"height\":475},{\"@type\":\"BreadcrumbList\",\"@id\":\"https:\\\/\\\/eschringen.de\\\/wordpress\\\/geschichte\\\/archiv\\\/27-05-00-exkursion-der-geschichtswerkstatt-ins-krumme-elsass\\\/#breadcrumb\",\"itemListElement\":[{\"@type\":\"ListItem\",\"position\":1,\"name\":\"Startseite\",\"item\":\"https:\\\/\\\/eschringen.de\\\/wordpress\\\/\"},{\"@type\":\"ListItem\",\"position\":2,\"name\":\"Geschichte\",\"item\":\"https:\\\/\\\/eschringen.de\\\/wordpress\\\/geschichte\\\/\"},{\"@type\":\"ListItem\",\"position\":3,\"name\":\"Archiv\",\"item\":\"https:\\\/\\\/eschringen.de\\\/wordpress\\\/geschichte\\\/archiv\\\/\"},{\"@type\":\"ListItem\",\"position\":4,\"name\":\"27.05.2000 &#8211; Exkursion der Geschichtswerkstatt ins &#8222;Krumme Elsass&#8220;\"}]},{\"@type\":\"WebSite\",\"@id\":\"https:\\\/\\\/eschringen.de\\\/wordpress\\\/#website\",\"url\":\"https:\\\/\\\/eschringen.de\\\/wordpress\\\/\",\"name\":\"Eschringen\",\"description\":\"\",\"publisher\":{\"@id\":\"https:\\\/\\\/eschringen.de\\\/wordpress\\\/#organization\"},\"potentialAction\":[{\"@type\":\"SearchAction\",\"target\":{\"@type\":\"EntryPoint\",\"urlTemplate\":\"https:\\\/\\\/eschringen.de\\\/wordpress\\\/?s={search_term_string}\"},\"query-input\":{\"@type\":\"PropertyValueSpecification\",\"valueRequired\":true,\"valueName\":\"search_term_string\"}}],\"inLanguage\":\"de\"},{\"@type\":\"Organization\",\"@id\":\"https:\\\/\\\/eschringen.de\\\/wordpress\\\/#organization\",\"name\":\"Eschringen\",\"url\":\"https:\\\/\\\/eschringen.de\\\/wordpress\\\/\",\"logo\":{\"@type\":\"ImageObject\",\"inLanguage\":\"de\",\"@id\":\"https:\\\/\\\/eschringen.de\\\/wordpress\\\/#\\\/schema\\\/logo\\\/image\\\/\",\"url\":\"https:\\\/\\\/eschringen.de\\\/wordpress\\\/wp-content\\\/uploads\\\/2017\\\/03\\\/2017_kw15.jpg\",\"contentUrl\":\"https:\\\/\\\/eschringen.de\\\/wordpress\\\/wp-content\\\/uploads\\\/2017\\\/03\\\/2017_kw15.jpg\",\"width\":784,\"height\":447,\"caption\":\"Eschringen\"},\"image\":{\"@id\":\"https:\\\/\\\/eschringen.de\\\/wordpress\\\/#\\\/schema\\\/logo\\\/image\\\/\"}}]}<\/script>\n<!-- \/ Yoast SEO plugin. -->","yoast_head_json":{"title":"27.05.2000 - Exkursion der Geschichtswerkstatt ins \"Krumme Elsass\" - Eschringen","robots":{"index":"index","follow":"follow","max-snippet":"max-snippet:-1","max-image-preview":"max-image-preview:large","max-video-preview":"max-video-preview:-1"},"canonical":"https:\/\/eschringen.de\/wordpress\/geschichte\/archiv\/27-05-00-exkursion-der-geschichtswerkstatt-ins-krumme-elsass\/","og_locale":"de_DE","og_type":"article","og_title":"27.05.2000 - Exkursion der Geschichtswerkstatt ins \"Krumme Elsass\" - Eschringen","og_description":"Nach f\u00fcnfj\u00e4hriger Pause f\u00fchrte die Eschringer Geschichtswerkstatt am 27. Mai 2000 wieder eine historisch ausgerichtete Bustagesfahrt durch. Ziel war dieses Mal das &#8222;Krumme Elsass&#8220; bzw. Orte der ehemals zum F\u00fcrstentum Nassau-Saarbr\u00fccken geh\u00f6rigen Grafschaft Saarwerden. Bekanntlich reicht das &#8222;Krumme Elsass&#8220; in lothringisches Gebiet wie ein Zacken hinein. Nach dem 30j\u00e4hrigen Krieg blieb diese Region unter der ... Weiterlesen ...","og_url":"https:\/\/eschringen.de\/wordpress\/geschichte\/archiv\/27-05-00-exkursion-der-geschichtswerkstatt-ins-krumme-elsass\/","og_site_name":"Eschringen","article_modified_time":"2022-08-31T07:01:40+00:00","og_image":[{"url":"https:\/\/eschringen.de\/wordpress\/wp-content\/uploads\/2022\/08\/krumme1.jpg","type":"","width":"","height":""}],"twitter_card":"summary_large_image","schema":{"@context":"https:\/\/schema.org","@graph":[{"@type":"WebPage","@id":"https:\/\/eschringen.de\/wordpress\/geschichte\/archiv\/27-05-00-exkursion-der-geschichtswerkstatt-ins-krumme-elsass\/","url":"https:\/\/eschringen.de\/wordpress\/geschichte\/archiv\/27-05-00-exkursion-der-geschichtswerkstatt-ins-krumme-elsass\/","name":"27.05.2000 - Exkursion der Geschichtswerkstatt ins \"Krumme Elsass\" - Eschringen","isPartOf":{"@id":"https:\/\/eschringen.de\/wordpress\/#website"},"primaryImageOfPage":{"@id":"https:\/\/eschringen.de\/wordpress\/geschichte\/archiv\/27-05-00-exkursion-der-geschichtswerkstatt-ins-krumme-elsass\/#primaryimage"},"image":{"@id":"https:\/\/eschringen.de\/wordpress\/geschichte\/archiv\/27-05-00-exkursion-der-geschichtswerkstatt-ins-krumme-elsass\/#primaryimage"},"thumbnailUrl":"https:\/\/eschringen.de\/wordpress\/wp-content\/uploads\/2022\/08\/krumme1.jpg","datePublished":"2017-02-24T11:33:41+00:00","dateModified":"2022-08-31T07:01:40+00:00","breadcrumb":{"@id":"https:\/\/eschringen.de\/wordpress\/geschichte\/archiv\/27-05-00-exkursion-der-geschichtswerkstatt-ins-krumme-elsass\/#breadcrumb"},"inLanguage":"de","potentialAction":[{"@type":"ReadAction","target":["https:\/\/eschringen.de\/wordpress\/geschichte\/archiv\/27-05-00-exkursion-der-geschichtswerkstatt-ins-krumme-elsass\/"]}]},{"@type":"ImageObject","inLanguage":"de","@id":"https:\/\/eschringen.de\/wordpress\/geschichte\/archiv\/27-05-00-exkursion-der-geschichtswerkstatt-ins-krumme-elsass\/#primaryimage","url":"https:\/\/i0.wp.com\/eschringen.de\/wordpress\/wp-content\/uploads\/2022\/08\/krumme1.jpg?fit=400%2C475&ssl=1","contentUrl":"https:\/\/i0.wp.com\/eschringen.de\/wordpress\/wp-content\/uploads\/2022\/08\/krumme1.jpg?fit=400%2C475&ssl=1","width":400,"height":475},{"@type":"BreadcrumbList","@id":"https:\/\/eschringen.de\/wordpress\/geschichte\/archiv\/27-05-00-exkursion-der-geschichtswerkstatt-ins-krumme-elsass\/#breadcrumb","itemListElement":[{"@type":"ListItem","position":1,"name":"Startseite","item":"https:\/\/eschringen.de\/wordpress\/"},{"@type":"ListItem","position":2,"name":"Geschichte","item":"https:\/\/eschringen.de\/wordpress\/geschichte\/"},{"@type":"ListItem","position":3,"name":"Archiv","item":"https:\/\/eschringen.de\/wordpress\/geschichte\/archiv\/"},{"@type":"ListItem","position":4,"name":"27.05.2000 &#8211; Exkursion der Geschichtswerkstatt ins &#8222;Krumme Elsass&#8220;"}]},{"@type":"WebSite","@id":"https:\/\/eschringen.de\/wordpress\/#website","url":"https:\/\/eschringen.de\/wordpress\/","name":"Eschringen","description":"","publisher":{"@id":"https:\/\/eschringen.de\/wordpress\/#organization"},"potentialAction":[{"@type":"SearchAction","target":{"@type":"EntryPoint","urlTemplate":"https:\/\/eschringen.de\/wordpress\/?s={search_term_string}"},"query-input":{"@type":"PropertyValueSpecification","valueRequired":true,"valueName":"search_term_string"}}],"inLanguage":"de"},{"@type":"Organization","@id":"https:\/\/eschringen.de\/wordpress\/#organization","name":"Eschringen","url":"https:\/\/eschringen.de\/wordpress\/","logo":{"@type":"ImageObject","inLanguage":"de","@id":"https:\/\/eschringen.de\/wordpress\/#\/schema\/logo\/image\/","url":"https:\/\/eschringen.de\/wordpress\/wp-content\/uploads\/2017\/03\/2017_kw15.jpg","contentUrl":"https:\/\/eschringen.de\/wordpress\/wp-content\/uploads\/2017\/03\/2017_kw15.jpg","width":784,"height":447,"caption":"Eschringen"},"image":{"@id":"https:\/\/eschringen.de\/wordpress\/#\/schema\/logo\/image\/"}}]}},"jetpack_sharing_enabled":true,"_links":{"self":[{"href":"https:\/\/eschringen.de\/wordpress\/wp-json\/wp\/v2\/pages\/1040","targetHints":{"allow":["GET"]}}],"collection":[{"href":"https:\/\/eschringen.de\/wordpress\/wp-json\/wp\/v2\/pages"}],"about":[{"href":"https:\/\/eschringen.de\/wordpress\/wp-json\/wp\/v2\/types\/page"}],"author":[{"embeddable":true,"href":"https:\/\/eschringen.de\/wordpress\/wp-json\/wp\/v2\/users\/1"}],"replies":[{"embeddable":true,"href":"https:\/\/eschringen.de\/wordpress\/wp-json\/wp\/v2\/comments?post=1040"}],"version-history":[{"count":3,"href":"https:\/\/eschringen.de\/wordpress\/wp-json\/wp\/v2\/pages\/1040\/revisions"}],"predecessor-version":[{"id":3933,"href":"https:\/\/eschringen.de\/wordpress\/wp-json\/wp\/v2\/pages\/1040\/revisions\/3933"}],"up":[{"embeddable":true,"href":"https:\/\/eschringen.de\/wordpress\/wp-json\/wp\/v2\/pages\/403"}],"wp:attachment":[{"href":"https:\/\/eschringen.de\/wordpress\/wp-json\/wp\/v2\/media?parent=1040"}],"curies":[{"name":"wp","href":"https:\/\/api.w.org\/{rel}","templated":true}]}}