{"id":1038,"date":"2017-02-24T12:27:33","date_gmt":"2017-02-24T11:27:33","guid":{"rendered":"http:\/\/eschringen.de\/wordpress\/?page_id=1038"},"modified":"2022-08-31T09:01:27","modified_gmt":"2022-08-31T07:01:27","slug":"30-11-00-die-fraenkische-geschichte-deutschlands-und-frankreichs","status":"publish","type":"page","link":"https:\/\/eschringen.de\/wordpress\/geschichte\/archiv\/30-11-00-die-fraenkische-geschichte-deutschlands-und-frankreichs\/","title":{"rendered":"30.11.2000 &#8211; Die fr\u00e4nkische Geschichte Deutschlands und Frankreichs"},"content":{"rendered":"\n<p><strong>Der Historiker Dr. K\u00fchn referierte bei der Eschringer Geschichtswerkstatt<\/strong><\/p>\n\n\n\n<p>An ein auf den ersten Blick etwas sperriges und sehr komplexes Thema wagte sich bei seinem Vortrag am 30. November 2000 im Gasthaus &#8222;Zur Post&#8220; der Historiker Dr. Hans-Joachim K\u00fchn aus D\u00fcppenweiler. Er versuchte die Geschichte der Franken vom Zusammenbruch des R\u00f6mischen Reiches \u00fcber die K\u00f6nige Chlodwig und Karl den Gro\u00dfen bis zu den Reichsteilungen anschaulich und verst\u00e4ndlich darzustellen. Dieses Vorhaben gelang ihm auch \u00fcberzeugend, obgleich er auf Dias o. \u00e4. Hilfsmittel &#8211; von einer historischen Karte abgesehen &#8211; verzichtete. K\u00fchns Vortrag, der ganz umfassend die Entstehung der beiden Nachfolgestaaten des fr\u00e4nkischen Reiches, Frankreich und Deutschland, mit dem Schwerpunkt 10. Jahrhundert nachzeichnete, erg\u00e4nzte so auf ideale Weise die lokal- und regionalspezifischen Aspekte, die Ortschronist Heinrich Moog vor Jahren bereits in seinem Buch &#8222;Eschringen &#8211; das Vierherrendorf&#8220; behandelt hatte. Dr. K\u00fchn erl\u00e4uterte die Besonderheiten der germanisch-fr\u00e4nkischen Stammesstruktur im Vergleich zum (sp\u00e4t)r\u00f6mischen Verwaltungssystem, betonte auch, dass es im 5. und 6. Jahrhundert nicht einfach nur zu der sog. &#8222;fr\u00e4nkischen Landnahme&#8220; gekommen sei, sondern dass es wohl eine gallo-r\u00f6mische Restbev\u00f6lkerung in der Saargegend gegeben habe, die sich mit den eindringenden Franken vermischte. Er erkl\u00e4rte auch die Unterschiede zwischen den fr\u00e4nkischen Herrschaftssippen der Merowinger und der ihnen nachfolgenden Karolinger. Besonders interessant wurde es, als Dr. K\u00fchn die getrennten Wege der Einzelreiche nach den Reichsteilungen skizzierte, denn hier wurde bereits deutlich, dass zum einen aus der &#8222;Francia&#8220; (um das Zentrum Paris) das zentralistische Frankreich, zum anderen aus dem \u00f6stlichen Frankenreich das herrschaftlich zersplitterte Deutsche Reich (ohne Hauptstadt) entstehen sollte.<\/p>\n\n\n\n<p>Der zweite Teil seines Vortrages widmete sich, ausgehend von dieser politischen Trennung, der Entwicklung der Sprachen und der Sprachgrenzen. W\u00e4hrend sich im fr\u00e4nkischen Westreich der Vorsprung der romanischen Sprache zeigte und sich aus dem &#8222;Vulg\u00e4rlatein&#8220; (mit gallischen Elementen) eine franz\u00f6sische Sprache herausbildete, entstand in Lothringen und im Ostreich eine deutsche Sprache germanischen Ursprungs. Nicht von ungef\u00e4hr zieht sich bis heute die Sprachgrenze durch Lothringen, wo ab dem 18. Jahrhundert die deutsche (Amts-) Sprache nicht mehr gestattet war. Dr. K\u00fchn beleuchtete diesbez\u00fcglich auch die Bestrebungen des franz\u00f6sischen Staates (besonders nach 1945), die deutschsprachigen Dialekte im Elsa\u00df und in Lothringen mit aller Gewalt zur\u00fcckzudr\u00e4ngen, das Franz\u00f6sische endg\u00fcltig durchzusetzen. Ein Ansinnen, dass im Hinblick auf ein Europa der Regionen inzwischen als \u00fcberholt erkannt wurde.<\/p>\n","protected":false},"excerpt":{"rendered":"<p>Der Historiker Dr. K\u00fchn referierte bei der Eschringer Geschichtswerkstatt An ein auf den ersten Blick etwas sperriges und sehr komplexes Thema wagte sich bei seinem Vortrag am 30. November 2000 im Gasthaus &#8222;Zur Post&#8220; der Historiker Dr. Hans-Joachim K\u00fchn aus D\u00fcppenweiler. Er versuchte die Geschichte der Franken vom Zusammenbruch des R\u00f6mischen Reiches \u00fcber die K\u00f6nige &#8230; <a title=\"30.11.2000 &#8211; Die fr\u00e4nkische Geschichte Deutschlands und Frankreichs\" class=\"read-more\" href=\"https:\/\/eschringen.de\/wordpress\/geschichte\/archiv\/30-11-00-die-fraenkische-geschichte-deutschlands-und-frankreichs\/\" aria-label=\"Mehr Informationen \u00fcber 30.11.2000 &#8211; Die fr\u00e4nkische Geschichte Deutschlands und Frankreichs\">Weiterlesen &#8230;<\/a><\/p>\n","protected":false},"author":1,"featured_media":0,"parent":403,"menu_order":69,"comment_status":"closed","ping_status":"closed","template":"","meta":{"ngg_post_thumbnail":0,"footnotes":""},"class_list":["post-1038","page","type-page","status-publish"],"yoast_head":"<!-- This site is optimized with the Yoast SEO plugin v27.4 - https:\/\/yoast.com\/product\/yoast-seo-wordpress\/ -->\n<title>30.11.2000 - Die fr\u00e4nkische Geschichte Deutschlands und Frankreichs - Eschringen<\/title>\n<meta name=\"robots\" content=\"index, follow, max-snippet:-1, max-image-preview:large, max-video-preview:-1\" \/>\n<link rel=\"canonical\" href=\"https:\/\/eschringen.de\/wordpress\/geschichte\/archiv\/30-11-00-die-fraenkische-geschichte-deutschlands-und-frankreichs\/\" \/>\n<meta property=\"og:locale\" content=\"de_DE\" \/>\n<meta property=\"og:type\" content=\"article\" \/>\n<meta property=\"og:title\" content=\"30.11.2000 - Die fr\u00e4nkische Geschichte Deutschlands und Frankreichs - Eschringen\" \/>\n<meta property=\"og:description\" content=\"Der Historiker Dr. K\u00fchn referierte bei der Eschringer Geschichtswerkstatt An ein auf den ersten Blick etwas sperriges und sehr komplexes Thema wagte sich bei seinem Vortrag am 30. November 2000 im Gasthaus &#8222;Zur Post&#8220; der Historiker Dr. Hans-Joachim K\u00fchn aus D\u00fcppenweiler. Er versuchte die Geschichte der Franken vom Zusammenbruch des R\u00f6mischen Reiches \u00fcber die K\u00f6nige ... Weiterlesen ...\" \/>\n<meta property=\"og:url\" content=\"https:\/\/eschringen.de\/wordpress\/geschichte\/archiv\/30-11-00-die-fraenkische-geschichte-deutschlands-und-frankreichs\/\" \/>\n<meta property=\"og:site_name\" content=\"Eschringen\" \/>\n<meta property=\"article:modified_time\" content=\"2022-08-31T07:01:27+00:00\" \/>\n<meta name=\"twitter:card\" content=\"summary_large_image\" \/>\n<meta name=\"twitter:label1\" content=\"Gesch\u00e4tzte Lesezeit\" \/>\n\t<meta name=\"twitter:data1\" content=\"3\u00a0Minuten\" \/>\n<script type=\"application\/ld+json\" class=\"yoast-schema-graph\">{\"@context\":\"https:\\\/\\\/schema.org\",\"@graph\":[{\"@type\":\"WebPage\",\"@id\":\"https:\\\/\\\/eschringen.de\\\/wordpress\\\/geschichte\\\/archiv\\\/30-11-00-die-fraenkische-geschichte-deutschlands-und-frankreichs\\\/\",\"url\":\"https:\\\/\\\/eschringen.de\\\/wordpress\\\/geschichte\\\/archiv\\\/30-11-00-die-fraenkische-geschichte-deutschlands-und-frankreichs\\\/\",\"name\":\"30.11.2000 - Die fr\u00e4nkische Geschichte Deutschlands und Frankreichs - Eschringen\",\"isPartOf\":{\"@id\":\"https:\\\/\\\/eschringen.de\\\/wordpress\\\/#website\"},\"datePublished\":\"2017-02-24T11:27:33+00:00\",\"dateModified\":\"2022-08-31T07:01:27+00:00\",\"breadcrumb\":{\"@id\":\"https:\\\/\\\/eschringen.de\\\/wordpress\\\/geschichte\\\/archiv\\\/30-11-00-die-fraenkische-geschichte-deutschlands-und-frankreichs\\\/#breadcrumb\"},\"inLanguage\":\"de\",\"potentialAction\":[{\"@type\":\"ReadAction\",\"target\":[\"https:\\\/\\\/eschringen.de\\\/wordpress\\\/geschichte\\\/archiv\\\/30-11-00-die-fraenkische-geschichte-deutschlands-und-frankreichs\\\/\"]}]},{\"@type\":\"BreadcrumbList\",\"@id\":\"https:\\\/\\\/eschringen.de\\\/wordpress\\\/geschichte\\\/archiv\\\/30-11-00-die-fraenkische-geschichte-deutschlands-und-frankreichs\\\/#breadcrumb\",\"itemListElement\":[{\"@type\":\"ListItem\",\"position\":1,\"name\":\"Startseite\",\"item\":\"https:\\\/\\\/eschringen.de\\\/wordpress\\\/\"},{\"@type\":\"ListItem\",\"position\":2,\"name\":\"Geschichte\",\"item\":\"https:\\\/\\\/eschringen.de\\\/wordpress\\\/geschichte\\\/\"},{\"@type\":\"ListItem\",\"position\":3,\"name\":\"Archiv\",\"item\":\"https:\\\/\\\/eschringen.de\\\/wordpress\\\/geschichte\\\/archiv\\\/\"},{\"@type\":\"ListItem\",\"position\":4,\"name\":\"30.11.2000 &#8211; Die fr\u00e4nkische Geschichte Deutschlands und Frankreichs\"}]},{\"@type\":\"WebSite\",\"@id\":\"https:\\\/\\\/eschringen.de\\\/wordpress\\\/#website\",\"url\":\"https:\\\/\\\/eschringen.de\\\/wordpress\\\/\",\"name\":\"Eschringen\",\"description\":\"\",\"publisher\":{\"@id\":\"https:\\\/\\\/eschringen.de\\\/wordpress\\\/#organization\"},\"potentialAction\":[{\"@type\":\"SearchAction\",\"target\":{\"@type\":\"EntryPoint\",\"urlTemplate\":\"https:\\\/\\\/eschringen.de\\\/wordpress\\\/?s={search_term_string}\"},\"query-input\":{\"@type\":\"PropertyValueSpecification\",\"valueRequired\":true,\"valueName\":\"search_term_string\"}}],\"inLanguage\":\"de\"},{\"@type\":\"Organization\",\"@id\":\"https:\\\/\\\/eschringen.de\\\/wordpress\\\/#organization\",\"name\":\"Eschringen\",\"url\":\"https:\\\/\\\/eschringen.de\\\/wordpress\\\/\",\"logo\":{\"@type\":\"ImageObject\",\"inLanguage\":\"de\",\"@id\":\"https:\\\/\\\/eschringen.de\\\/wordpress\\\/#\\\/schema\\\/logo\\\/image\\\/\",\"url\":\"https:\\\/\\\/eschringen.de\\\/wordpress\\\/wp-content\\\/uploads\\\/2017\\\/03\\\/2017_kw15.jpg\",\"contentUrl\":\"https:\\\/\\\/eschringen.de\\\/wordpress\\\/wp-content\\\/uploads\\\/2017\\\/03\\\/2017_kw15.jpg\",\"width\":784,\"height\":447,\"caption\":\"Eschringen\"},\"image\":{\"@id\":\"https:\\\/\\\/eschringen.de\\\/wordpress\\\/#\\\/schema\\\/logo\\\/image\\\/\"}}]}<\/script>\n<!-- \/ Yoast SEO plugin. -->","yoast_head_json":{"title":"30.11.2000 - Die fr\u00e4nkische Geschichte Deutschlands und Frankreichs - Eschringen","robots":{"index":"index","follow":"follow","max-snippet":"max-snippet:-1","max-image-preview":"max-image-preview:large","max-video-preview":"max-video-preview:-1"},"canonical":"https:\/\/eschringen.de\/wordpress\/geschichte\/archiv\/30-11-00-die-fraenkische-geschichte-deutschlands-und-frankreichs\/","og_locale":"de_DE","og_type":"article","og_title":"30.11.2000 - Die fr\u00e4nkische Geschichte Deutschlands und Frankreichs - Eschringen","og_description":"Der Historiker Dr. K\u00fchn referierte bei der Eschringer Geschichtswerkstatt An ein auf den ersten Blick etwas sperriges und sehr komplexes Thema wagte sich bei seinem Vortrag am 30. November 2000 im Gasthaus &#8222;Zur Post&#8220; der Historiker Dr. Hans-Joachim K\u00fchn aus D\u00fcppenweiler. Er versuchte die Geschichte der Franken vom Zusammenbruch des R\u00f6mischen Reiches \u00fcber die K\u00f6nige ... Weiterlesen ...","og_url":"https:\/\/eschringen.de\/wordpress\/geschichte\/archiv\/30-11-00-die-fraenkische-geschichte-deutschlands-und-frankreichs\/","og_site_name":"Eschringen","article_modified_time":"2022-08-31T07:01:27+00:00","twitter_card":"summary_large_image","twitter_misc":{"Gesch\u00e4tzte Lesezeit":"3\u00a0Minuten"},"schema":{"@context":"https:\/\/schema.org","@graph":[{"@type":"WebPage","@id":"https:\/\/eschringen.de\/wordpress\/geschichte\/archiv\/30-11-00-die-fraenkische-geschichte-deutschlands-und-frankreichs\/","url":"https:\/\/eschringen.de\/wordpress\/geschichte\/archiv\/30-11-00-die-fraenkische-geschichte-deutschlands-und-frankreichs\/","name":"30.11.2000 - Die fr\u00e4nkische Geschichte Deutschlands und Frankreichs - Eschringen","isPartOf":{"@id":"https:\/\/eschringen.de\/wordpress\/#website"},"datePublished":"2017-02-24T11:27:33+00:00","dateModified":"2022-08-31T07:01:27+00:00","breadcrumb":{"@id":"https:\/\/eschringen.de\/wordpress\/geschichte\/archiv\/30-11-00-die-fraenkische-geschichte-deutschlands-und-frankreichs\/#breadcrumb"},"inLanguage":"de","potentialAction":[{"@type":"ReadAction","target":["https:\/\/eschringen.de\/wordpress\/geschichte\/archiv\/30-11-00-die-fraenkische-geschichte-deutschlands-und-frankreichs\/"]}]},{"@type":"BreadcrumbList","@id":"https:\/\/eschringen.de\/wordpress\/geschichte\/archiv\/30-11-00-die-fraenkische-geschichte-deutschlands-und-frankreichs\/#breadcrumb","itemListElement":[{"@type":"ListItem","position":1,"name":"Startseite","item":"https:\/\/eschringen.de\/wordpress\/"},{"@type":"ListItem","position":2,"name":"Geschichte","item":"https:\/\/eschringen.de\/wordpress\/geschichte\/"},{"@type":"ListItem","position":3,"name":"Archiv","item":"https:\/\/eschringen.de\/wordpress\/geschichte\/archiv\/"},{"@type":"ListItem","position":4,"name":"30.11.2000 &#8211; Die fr\u00e4nkische Geschichte Deutschlands und Frankreichs"}]},{"@type":"WebSite","@id":"https:\/\/eschringen.de\/wordpress\/#website","url":"https:\/\/eschringen.de\/wordpress\/","name":"Eschringen","description":"","publisher":{"@id":"https:\/\/eschringen.de\/wordpress\/#organization"},"potentialAction":[{"@type":"SearchAction","target":{"@type":"EntryPoint","urlTemplate":"https:\/\/eschringen.de\/wordpress\/?s={search_term_string}"},"query-input":{"@type":"PropertyValueSpecification","valueRequired":true,"valueName":"search_term_string"}}],"inLanguage":"de"},{"@type":"Organization","@id":"https:\/\/eschringen.de\/wordpress\/#organization","name":"Eschringen","url":"https:\/\/eschringen.de\/wordpress\/","logo":{"@type":"ImageObject","inLanguage":"de","@id":"https:\/\/eschringen.de\/wordpress\/#\/schema\/logo\/image\/","url":"https:\/\/eschringen.de\/wordpress\/wp-content\/uploads\/2017\/03\/2017_kw15.jpg","contentUrl":"https:\/\/eschringen.de\/wordpress\/wp-content\/uploads\/2017\/03\/2017_kw15.jpg","width":784,"height":447,"caption":"Eschringen"},"image":{"@id":"https:\/\/eschringen.de\/wordpress\/#\/schema\/logo\/image\/"}}]}},"jetpack_sharing_enabled":true,"_links":{"self":[{"href":"https:\/\/eschringen.de\/wordpress\/wp-json\/wp\/v2\/pages\/1038","targetHints":{"allow":["GET"]}}],"collection":[{"href":"https:\/\/eschringen.de\/wordpress\/wp-json\/wp\/v2\/pages"}],"about":[{"href":"https:\/\/eschringen.de\/wordpress\/wp-json\/wp\/v2\/types\/page"}],"author":[{"embeddable":true,"href":"https:\/\/eschringen.de\/wordpress\/wp-json\/wp\/v2\/users\/1"}],"replies":[{"embeddable":true,"href":"https:\/\/eschringen.de\/wordpress\/wp-json\/wp\/v2\/comments?post=1038"}],"version-history":[{"count":2,"href":"https:\/\/eschringen.de\/wordpress\/wp-json\/wp\/v2\/pages\/1038\/revisions"}],"predecessor-version":[{"id":3932,"href":"https:\/\/eschringen.de\/wordpress\/wp-json\/wp\/v2\/pages\/1038\/revisions\/3932"}],"up":[{"embeddable":true,"href":"https:\/\/eschringen.de\/wordpress\/wp-json\/wp\/v2\/pages\/403"}],"wp:attachment":[{"href":"https:\/\/eschringen.de\/wordpress\/wp-json\/wp\/v2\/media?parent=1038"}],"curies":[{"name":"wp","href":"https:\/\/api.w.org\/{rel}","templated":true}]}}