{"id":1014,"date":"2017-02-23T23:21:36","date_gmt":"2017-02-23T22:21:36","guid":{"rendered":"http:\/\/eschringen.de\/wordpress\/?page_id=1014"},"modified":"2022-08-31T09:01:08","modified_gmt":"2022-08-31T07:01:08","slug":"05-02-01-diavortrag-das-land-an-der-saar-zu-kaisers-zeiten","status":"publish","type":"page","link":"https:\/\/eschringen.de\/wordpress\/geschichte\/archiv\/05-02-01-diavortrag-das-land-an-der-saar-zu-kaisers-zeiten\/","title":{"rendered":"05.02.2001 &#8211; Diavortrag &#8222;Das Land an der Saar zu Kaisers Zeiten&#8220;"},"content":{"rendered":"\n<p>Am 5. Februar 2001 referierte Herr Dr. Hans-Joachim K\u00fchn aus D\u00fcppenweiler erneut bei der Eschringer Geschichtswerkstatt im Gasthaus &#8222;Zur Post&#8220;. Als Thema stand die Geschichte des Deutschen Reiches von 1871 &#8211; 1918 auf der Tagesordnung. Wie sah es an der Saar vor gut 100 Jahren aus? Wie arbeiteten, wohnten, lebten unsere Vorfahren? Diese und andere Fragen zur Sozial- und Alltagsgeschichte wollte Dr. K\u00fchn zum einen mit einem einleitenden Referat, zum anderen mit (zum gr\u00f6\u00dften Teil nicht ver\u00f6ffentlichten) zeitgen\u00f6ssischen Photographien aus saarl\u00e4ndischen Sammlungen (u. a. heimatkundliche Vereine, Saarberg-Archiv) zu beantworten versuchen.<br>Seinen Vortrag hatte er nach drei Schwerpunkten gegliedert. Zuerst widmete sich Dr. K\u00fchn der nach dem Krieg 1870\/71 gegen Frankreich einsetzenden Aufbruchsphase im neuen &#8222;Deutschen (Kaiser-) Reich&#8220;. Diese war gepr\u00e4gt von einer milit\u00e4rischen und patriarchalischen Grundstimmung, in dem der Untertanengeist dominierte und in der sich alles den &#8222;vaterl\u00e4ndischen&#8220; Interessen unterzuordnen hatte. Ein wahrer &#8222;Kaiserkult&#8220; bl\u00fchte auf, und Kritik an den strengen Vorgaben von Politik und Wirtschaft war verp\u00f6nt. In der Saarregion, die bekanntlich politisch von den K\u00f6nigreichen Preu\u00dfen und Bayern (und auch Gro\u00dfherzogtum Oldenburg) verwaltet wurde, vollzog sich nunmehr &#8211; bedingt durch die fortschreitende Industrialisierung &#8211; ein immenser Wirtschaftsaufschwung. Es entwickelten sich Familiendynastien wie die der R\u00f6chlings und der Stumms, die auch im Deutschen Reich eine gewichtige Rolle spielten. Neben dem Bergbau und der Schwerindustrie gewann auch die Glas- und Keramikindustrie zunehmend an Bedeutung. Die Verkehrswege wurden den neuen Bedingungen angepasst, das Eisenbahnnetz erweitert und die Schifffahrt auf der Saar ausgebaut. Gegen Ende des 19. Jahrhundert, der sog. Gr\u00fcnderzeit, z\u00e4hlte das Saarrevier zu den wohlhabendsten Regionen im Deutschen Reich.<br>Dr. K\u00fchn beleuchtete aber auch mit eindrucksvollen Bildern die soziale Situation. F\u00fcr das Gros der Menschen war der Alltag &#8222;in der guten alten Zeit&#8220; keineswegs ein Zuckerschlecken gewesen. M\u00e4nner und Frauen mussten in den Fabriken und Gruben, im Haushalt und auf dem Feld hart arbeiten. Einen Ausgleich bot das sich in jener Zeit entwickelnde Vereinsleben, das nicht nur die Geselligkeit, sondern auch solidarische Bindungen f\u00f6rderte. Immerhin gab es auch auf dem sozialen Sektor gewisse Fortschritte und Sicherungssysteme, und auch die M\u00f6glichkeit zum Erwerb von Immobilien (z. B. &#8222;Pr\u00e4mienh\u00e4user&#8220;) wurde den Arbeitern einger\u00e4umt.<\/p>\n","protected":false},"excerpt":{"rendered":"<p>Am 5. Februar 2001 referierte Herr Dr. Hans-Joachim K\u00fchn aus D\u00fcppenweiler erneut bei der Eschringer Geschichtswerkstatt im Gasthaus &#8222;Zur Post&#8220;. Als Thema stand die Geschichte des Deutschen Reiches von 1871 &#8211; 1918 auf der Tagesordnung. Wie sah es an der Saar vor gut 100 Jahren aus? Wie arbeiteten, wohnten, lebten unsere Vorfahren? Diese und andere &#8230; <a title=\"05.02.2001 &#8211; Diavortrag &#8222;Das Land an der Saar zu Kaisers Zeiten&#8220;\" class=\"read-more\" href=\"https:\/\/eschringen.de\/wordpress\/geschichte\/archiv\/05-02-01-diavortrag-das-land-an-der-saar-zu-kaisers-zeiten\/\" aria-label=\"Mehr Informationen \u00fcber 05.02.2001 &#8211; Diavortrag &#8222;Das Land an der Saar zu Kaisers Zeiten&#8220;\">Weiterlesen &#8230;<\/a><\/p>\n","protected":false},"author":1,"featured_media":0,"parent":403,"menu_order":68,"comment_status":"closed","ping_status":"closed","template":"","meta":{"ngg_post_thumbnail":0,"footnotes":""},"class_list":["post-1014","page","type-page","status-publish"],"yoast_head":"<!-- This site is optimized with the Yoast SEO plugin v27.4 - https:\/\/yoast.com\/product\/yoast-seo-wordpress\/ -->\n<title>05.02.2001 - Diavortrag &quot;Das Land an der Saar zu Kaisers Zeiten&quot; - Eschringen<\/title>\n<meta name=\"robots\" content=\"index, follow, max-snippet:-1, max-image-preview:large, max-video-preview:-1\" \/>\n<link rel=\"canonical\" href=\"https:\/\/eschringen.de\/wordpress\/geschichte\/archiv\/05-02-01-diavortrag-das-land-an-der-saar-zu-kaisers-zeiten\/\" \/>\n<meta property=\"og:locale\" content=\"de_DE\" \/>\n<meta property=\"og:type\" content=\"article\" \/>\n<meta property=\"og:title\" content=\"05.02.2001 - Diavortrag &quot;Das Land an der Saar zu Kaisers Zeiten&quot; - Eschringen\" \/>\n<meta property=\"og:description\" content=\"Am 5. Februar 2001 referierte Herr Dr. Hans-Joachim K\u00fchn aus D\u00fcppenweiler erneut bei der Eschringer Geschichtswerkstatt im Gasthaus &#8222;Zur Post&#8220;. Als Thema stand die Geschichte des Deutschen Reiches von 1871 &#8211; 1918 auf der Tagesordnung. Wie sah es an der Saar vor gut 100 Jahren aus? Wie arbeiteten, wohnten, lebten unsere Vorfahren? Diese und andere ... Weiterlesen ...\" \/>\n<meta property=\"og:url\" content=\"https:\/\/eschringen.de\/wordpress\/geschichte\/archiv\/05-02-01-diavortrag-das-land-an-der-saar-zu-kaisers-zeiten\/\" \/>\n<meta property=\"og:site_name\" content=\"Eschringen\" \/>\n<meta property=\"article:modified_time\" content=\"2022-08-31T07:01:08+00:00\" \/>\n<meta name=\"twitter:card\" content=\"summary_large_image\" \/>\n<meta name=\"twitter:label1\" content=\"Gesch\u00e4tzte Lesezeit\" \/>\n\t<meta name=\"twitter:data1\" content=\"2\u00a0Minuten\" \/>\n<script type=\"application\/ld+json\" class=\"yoast-schema-graph\">{\"@context\":\"https:\\\/\\\/schema.org\",\"@graph\":[{\"@type\":\"WebPage\",\"@id\":\"https:\\\/\\\/eschringen.de\\\/wordpress\\\/geschichte\\\/archiv\\\/05-02-01-diavortrag-das-land-an-der-saar-zu-kaisers-zeiten\\\/\",\"url\":\"https:\\\/\\\/eschringen.de\\\/wordpress\\\/geschichte\\\/archiv\\\/05-02-01-diavortrag-das-land-an-der-saar-zu-kaisers-zeiten\\\/\",\"name\":\"05.02.2001 - Diavortrag \\\"Das Land an der Saar zu Kaisers Zeiten\\\" - Eschringen\",\"isPartOf\":{\"@id\":\"https:\\\/\\\/eschringen.de\\\/wordpress\\\/#website\"},\"datePublished\":\"2017-02-23T22:21:36+00:00\",\"dateModified\":\"2022-08-31T07:01:08+00:00\",\"breadcrumb\":{\"@id\":\"https:\\\/\\\/eschringen.de\\\/wordpress\\\/geschichte\\\/archiv\\\/05-02-01-diavortrag-das-land-an-der-saar-zu-kaisers-zeiten\\\/#breadcrumb\"},\"inLanguage\":\"de\",\"potentialAction\":[{\"@type\":\"ReadAction\",\"target\":[\"https:\\\/\\\/eschringen.de\\\/wordpress\\\/geschichte\\\/archiv\\\/05-02-01-diavortrag-das-land-an-der-saar-zu-kaisers-zeiten\\\/\"]}]},{\"@type\":\"BreadcrumbList\",\"@id\":\"https:\\\/\\\/eschringen.de\\\/wordpress\\\/geschichte\\\/archiv\\\/05-02-01-diavortrag-das-land-an-der-saar-zu-kaisers-zeiten\\\/#breadcrumb\",\"itemListElement\":[{\"@type\":\"ListItem\",\"position\":1,\"name\":\"Startseite\",\"item\":\"https:\\\/\\\/eschringen.de\\\/wordpress\\\/\"},{\"@type\":\"ListItem\",\"position\":2,\"name\":\"Geschichte\",\"item\":\"https:\\\/\\\/eschringen.de\\\/wordpress\\\/geschichte\\\/\"},{\"@type\":\"ListItem\",\"position\":3,\"name\":\"Archiv\",\"item\":\"https:\\\/\\\/eschringen.de\\\/wordpress\\\/geschichte\\\/archiv\\\/\"},{\"@type\":\"ListItem\",\"position\":4,\"name\":\"05.02.2001 &#8211; Diavortrag &#8222;Das Land an der Saar zu Kaisers Zeiten&#8220;\"}]},{\"@type\":\"WebSite\",\"@id\":\"https:\\\/\\\/eschringen.de\\\/wordpress\\\/#website\",\"url\":\"https:\\\/\\\/eschringen.de\\\/wordpress\\\/\",\"name\":\"Eschringen\",\"description\":\"\",\"publisher\":{\"@id\":\"https:\\\/\\\/eschringen.de\\\/wordpress\\\/#organization\"},\"potentialAction\":[{\"@type\":\"SearchAction\",\"target\":{\"@type\":\"EntryPoint\",\"urlTemplate\":\"https:\\\/\\\/eschringen.de\\\/wordpress\\\/?s={search_term_string}\"},\"query-input\":{\"@type\":\"PropertyValueSpecification\",\"valueRequired\":true,\"valueName\":\"search_term_string\"}}],\"inLanguage\":\"de\"},{\"@type\":\"Organization\",\"@id\":\"https:\\\/\\\/eschringen.de\\\/wordpress\\\/#organization\",\"name\":\"Eschringen\",\"url\":\"https:\\\/\\\/eschringen.de\\\/wordpress\\\/\",\"logo\":{\"@type\":\"ImageObject\",\"inLanguage\":\"de\",\"@id\":\"https:\\\/\\\/eschringen.de\\\/wordpress\\\/#\\\/schema\\\/logo\\\/image\\\/\",\"url\":\"https:\\\/\\\/eschringen.de\\\/wordpress\\\/wp-content\\\/uploads\\\/2017\\\/03\\\/2017_kw15.jpg\",\"contentUrl\":\"https:\\\/\\\/eschringen.de\\\/wordpress\\\/wp-content\\\/uploads\\\/2017\\\/03\\\/2017_kw15.jpg\",\"width\":784,\"height\":447,\"caption\":\"Eschringen\"},\"image\":{\"@id\":\"https:\\\/\\\/eschringen.de\\\/wordpress\\\/#\\\/schema\\\/logo\\\/image\\\/\"}}]}<\/script>\n<!-- \/ Yoast SEO plugin. -->","yoast_head_json":{"title":"05.02.2001 - Diavortrag \"Das Land an der Saar zu Kaisers Zeiten\" - Eschringen","robots":{"index":"index","follow":"follow","max-snippet":"max-snippet:-1","max-image-preview":"max-image-preview:large","max-video-preview":"max-video-preview:-1"},"canonical":"https:\/\/eschringen.de\/wordpress\/geschichte\/archiv\/05-02-01-diavortrag-das-land-an-der-saar-zu-kaisers-zeiten\/","og_locale":"de_DE","og_type":"article","og_title":"05.02.2001 - Diavortrag \"Das Land an der Saar zu Kaisers Zeiten\" - Eschringen","og_description":"Am 5. Februar 2001 referierte Herr Dr. Hans-Joachim K\u00fchn aus D\u00fcppenweiler erneut bei der Eschringer Geschichtswerkstatt im Gasthaus &#8222;Zur Post&#8220;. Als Thema stand die Geschichte des Deutschen Reiches von 1871 &#8211; 1918 auf der Tagesordnung. Wie sah es an der Saar vor gut 100 Jahren aus? Wie arbeiteten, wohnten, lebten unsere Vorfahren? Diese und andere ... Weiterlesen ...","og_url":"https:\/\/eschringen.de\/wordpress\/geschichte\/archiv\/05-02-01-diavortrag-das-land-an-der-saar-zu-kaisers-zeiten\/","og_site_name":"Eschringen","article_modified_time":"2022-08-31T07:01:08+00:00","twitter_card":"summary_large_image","twitter_misc":{"Gesch\u00e4tzte Lesezeit":"2\u00a0Minuten"},"schema":{"@context":"https:\/\/schema.org","@graph":[{"@type":"WebPage","@id":"https:\/\/eschringen.de\/wordpress\/geschichte\/archiv\/05-02-01-diavortrag-das-land-an-der-saar-zu-kaisers-zeiten\/","url":"https:\/\/eschringen.de\/wordpress\/geschichte\/archiv\/05-02-01-diavortrag-das-land-an-der-saar-zu-kaisers-zeiten\/","name":"05.02.2001 - Diavortrag \"Das Land an der Saar zu Kaisers Zeiten\" - Eschringen","isPartOf":{"@id":"https:\/\/eschringen.de\/wordpress\/#website"},"datePublished":"2017-02-23T22:21:36+00:00","dateModified":"2022-08-31T07:01:08+00:00","breadcrumb":{"@id":"https:\/\/eschringen.de\/wordpress\/geschichte\/archiv\/05-02-01-diavortrag-das-land-an-der-saar-zu-kaisers-zeiten\/#breadcrumb"},"inLanguage":"de","potentialAction":[{"@type":"ReadAction","target":["https:\/\/eschringen.de\/wordpress\/geschichte\/archiv\/05-02-01-diavortrag-das-land-an-der-saar-zu-kaisers-zeiten\/"]}]},{"@type":"BreadcrumbList","@id":"https:\/\/eschringen.de\/wordpress\/geschichte\/archiv\/05-02-01-diavortrag-das-land-an-der-saar-zu-kaisers-zeiten\/#breadcrumb","itemListElement":[{"@type":"ListItem","position":1,"name":"Startseite","item":"https:\/\/eschringen.de\/wordpress\/"},{"@type":"ListItem","position":2,"name":"Geschichte","item":"https:\/\/eschringen.de\/wordpress\/geschichte\/"},{"@type":"ListItem","position":3,"name":"Archiv","item":"https:\/\/eschringen.de\/wordpress\/geschichte\/archiv\/"},{"@type":"ListItem","position":4,"name":"05.02.2001 &#8211; Diavortrag &#8222;Das Land an der Saar zu Kaisers Zeiten&#8220;"}]},{"@type":"WebSite","@id":"https:\/\/eschringen.de\/wordpress\/#website","url":"https:\/\/eschringen.de\/wordpress\/","name":"Eschringen","description":"","publisher":{"@id":"https:\/\/eschringen.de\/wordpress\/#organization"},"potentialAction":[{"@type":"SearchAction","target":{"@type":"EntryPoint","urlTemplate":"https:\/\/eschringen.de\/wordpress\/?s={search_term_string}"},"query-input":{"@type":"PropertyValueSpecification","valueRequired":true,"valueName":"search_term_string"}}],"inLanguage":"de"},{"@type":"Organization","@id":"https:\/\/eschringen.de\/wordpress\/#organization","name":"Eschringen","url":"https:\/\/eschringen.de\/wordpress\/","logo":{"@type":"ImageObject","inLanguage":"de","@id":"https:\/\/eschringen.de\/wordpress\/#\/schema\/logo\/image\/","url":"https:\/\/eschringen.de\/wordpress\/wp-content\/uploads\/2017\/03\/2017_kw15.jpg","contentUrl":"https:\/\/eschringen.de\/wordpress\/wp-content\/uploads\/2017\/03\/2017_kw15.jpg","width":784,"height":447,"caption":"Eschringen"},"image":{"@id":"https:\/\/eschringen.de\/wordpress\/#\/schema\/logo\/image\/"}}]}},"jetpack_sharing_enabled":true,"_links":{"self":[{"href":"https:\/\/eschringen.de\/wordpress\/wp-json\/wp\/v2\/pages\/1014","targetHints":{"allow":["GET"]}}],"collection":[{"href":"https:\/\/eschringen.de\/wordpress\/wp-json\/wp\/v2\/pages"}],"about":[{"href":"https:\/\/eschringen.de\/wordpress\/wp-json\/wp\/v2\/types\/page"}],"author":[{"embeddable":true,"href":"https:\/\/eschringen.de\/wordpress\/wp-json\/wp\/v2\/users\/1"}],"replies":[{"embeddable":true,"href":"https:\/\/eschringen.de\/wordpress\/wp-json\/wp\/v2\/comments?post=1014"}],"version-history":[{"count":3,"href":"https:\/\/eschringen.de\/wordpress\/wp-json\/wp\/v2\/pages\/1014\/revisions"}],"predecessor-version":[{"id":3931,"href":"https:\/\/eschringen.de\/wordpress\/wp-json\/wp\/v2\/pages\/1014\/revisions\/3931"}],"up":[{"embeddable":true,"href":"https:\/\/eschringen.de\/wordpress\/wp-json\/wp\/v2\/pages\/403"}],"wp:attachment":[{"href":"https:\/\/eschringen.de\/wordpress\/wp-json\/wp\/v2\/media?parent=1014"}],"curies":[{"name":"wp","href":"https:\/\/api.w.org\/{rel}","templated":true}]}}