{"id":1001,"date":"2017-02-23T23:01:17","date_gmt":"2017-02-23T22:01:17","guid":{"rendered":"http:\/\/eschringen.de\/wordpress\/?page_id=1001"},"modified":"2024-11-28T21:20:56","modified_gmt":"2024-11-28T20:20:56","slug":"sommer-2001-jugendfeuerwehrzeltlager-des-loeschabschnitts-sb-ost-halberg","status":"publish","type":"page","link":"https:\/\/eschringen.de\/wordpress\/geschichte\/archiv\/sommer-2001-jugendfeuerwehrzeltlager-des-loeschabschnitts-sb-ost-halberg\/","title":{"rendered":"Sommer 2001 &#8211; Jugendfeuerwehrzeltlager des L\u00f6schabschnitts SB-Ost (Halberg)"},"content":{"rendered":"<p>Beim diesj\u00e4hrigen f\u00fcnft\u00e4gigen Jugendzeltlager in Eschringen nahmen 125 M\u00e4dchen und Jungen aus den L\u00f6schbezirken Bischmisheim, B\u00fcbingen, Brebach, Ensheim, Eschringen, Fechingen, G\u00fcdingen, Schafbr\u00fccke und Scheidt teil. Die Aktivit\u00e4ten umfassten u. a. ein V\u00f6lkerballturnier, ein Schwimmbadbesuch, eine Nachwanderung und eine Lagerolympiade. Was viele nicht wussten: Sie kampierten auf historischem Gel\u00e4nde! Die Wiesen &#8222;auf&#8217;m Willer&#8220; waren vor rund 1800 Jahren der Standort eines <a href=\"http:\/\/www.eschringen.de\/cms\/front_content.php?idcatart=273&amp;lang=1\">gallo-r\u00f6mischen Bauernhofs<\/a>. Das Zeltlager verlief ohne Probleme und klang mit einer Disko aus.<br \/>\n<a href=\"http:\/\/people.freenet.de\/whartz\/\" target=\"_blank\" rel=\"noopener\">Weitere Infos und Bilder<\/a><\/p>\n<figure style=\"width: 340px\" class=\"wp-caption aligncenter\"><img data-recalc-dims=\"1\" loading=\"lazy\" decoding=\"async\" src=\"https:\/\/i0.wp.com\/eschringen.de\/wordpress\/wp-content\/uploads\/2024\/11\/zeltlager1.jpg?resize=350%2C223&#038;ssl=1\" width=\"350\" height=\"223\" align=\"middle\" border=\"0\" hspace=\"15\"><figcaption class=\"wp-caption-text\">Das Zeltlager-&#8222;Portal&#8220;<\/figcaption><\/figure>\n<div>&nbsp;<\/div>\n<figure style=\"width: 340px\" class=\"wp-caption aligncenter\"><img data-recalc-dims=\"1\" loading=\"lazy\" decoding=\"async\" src=\"https:\/\/i0.wp.com\/eschringen.de\/wordpress\/wp-content\/uploads\/2024\/11\/zeltlager2.jpg?resize=350%2C224&#038;ssl=1\" width=\"350\" height=\"224\" align=\"middle\" border=\"0\" hspace=\"15\"><figcaption class=\"wp-caption-text\">Das Camp vom Bliesransbacher Weg aus<\/figcaption><\/figure>\n<div>&nbsp;<\/div>\n<figure style=\"width: 340px\" class=\"wp-caption aligncenter\"><img data-recalc-dims=\"1\" loading=\"lazy\" decoding=\"async\" src=\"https:\/\/i0.wp.com\/eschringen.de\/wordpress\/wp-content\/uploads\/2024\/11\/zeltlager3.jpg?resize=350%2C231&#038;ssl=1\" width=\"350\" height=\"231\" align=\"middle\" border=\"0\" hspace=\"15\"><figcaption class=\"wp-caption-text\">Lagerolympiade: Wasser sammeln per Schwamm<\/figcaption><\/figure>\n<div>&nbsp;<\/div>\n<figure style=\"width: 340px\" class=\"wp-caption aligncenter\"><img data-recalc-dims=\"1\" loading=\"lazy\" decoding=\"async\" src=\"https:\/\/i0.wp.com\/eschringen.de\/wordpress\/wp-content\/uploads\/2024\/11\/zeltlager4.jpg?resize=350%2C231&#038;ssl=1\" width=\"350\" height=\"231\" align=\"middle\" border=\"0\" hspace=\"15\"><figcaption class=\"wp-caption-text\">Lagerolympiade: Wasser marsch f\u00fcr &#8222;blinde K\u00fche&#8220;<\/figcaption><\/figure>\n<div>&nbsp;<\/div>\n<figure style=\"width: 340px\" class=\"wp-caption aligncenter\"><img data-recalc-dims=\"1\" loading=\"lazy\" decoding=\"async\" src=\"https:\/\/i0.wp.com\/eschringen.de\/wordpress\/wp-content\/uploads\/2024\/11\/zeltlager5.jpg?resize=350%2C233&#038;ssl=1\" width=\"350\" height=\"233\" align=\"middle\" border=\"0\" hspace=\"15\"><figcaption class=\"wp-caption-text\">Willi Hartz, Abschnittsleiter Ost, im &#8222;k\u00fchlen&#8220; Schatten<\/figcaption><\/figure>\n<div>&nbsp;<\/div>\n<figure style=\"width: 340px\" class=\"wp-caption aligncenter\"><img data-recalc-dims=\"1\" loading=\"lazy\" decoding=\"async\" src=\"https:\/\/i0.wp.com\/eschringen.de\/wordpress\/wp-content\/uploads\/2024\/11\/zeltlager6.jpg?resize=350%2C236&#038;ssl=1\" width=\"350\" height=\"236\" align=\"middle\" border=\"0\" hspace=\"15\"><figcaption class=\"wp-caption-text\">zahlreiches Publikum bei der Lagerolympiade<\/figcaption><\/figure>\n","protected":false},"excerpt":{"rendered":"<p>Beim diesj\u00e4hrigen f\u00fcnft\u00e4gigen Jugendzeltlager in Eschringen nahmen 125 M\u00e4dchen und Jungen aus den L\u00f6schbezirken Bischmisheim, B\u00fcbingen, Brebach, Ensheim, Eschringen, Fechingen, G\u00fcdingen, Schafbr\u00fccke und Scheidt teil. Die Aktivit\u00e4ten umfassten u. a. ein V\u00f6lkerballturnier, ein Schwimmbadbesuch, eine Nachwanderung und eine Lagerolympiade. Was viele nicht wussten: Sie kampierten auf historischem Gel\u00e4nde! Die Wiesen &#8222;auf&#8217;m Willer&#8220; waren vor rund &#8230; <a title=\"Sommer 2001 &#8211; Jugendfeuerwehrzeltlager des L\u00f6schabschnitts SB-Ost (Halberg)\" class=\"read-more\" href=\"https:\/\/eschringen.de\/wordpress\/geschichte\/archiv\/sommer-2001-jugendfeuerwehrzeltlager-des-loeschabschnitts-sb-ost-halberg\/\" aria-label=\"Mehr Informationen \u00fcber Sommer 2001 &#8211; Jugendfeuerwehrzeltlager des L\u00f6schabschnitts SB-Ost (Halberg)\">Weiterlesen &#8230;<\/a><\/p>\n","protected":false},"author":1,"featured_media":0,"parent":403,"menu_order":62,"comment_status":"closed","ping_status":"closed","template":"","meta":{"ngg_post_thumbnail":0,"footnotes":""},"class_list":["post-1001","page","type-page","status-publish"],"yoast_head":"<!-- This site is optimized with the Yoast SEO plugin v27.3 - https:\/\/yoast.com\/product\/yoast-seo-wordpress\/ -->\n<title>Sommer 2001 - Jugendfeuerwehrzeltlager des L\u00f6schabschnitts SB-Ost (Halberg) - Eschringen<\/title>\n<meta name=\"robots\" content=\"index, follow, max-snippet:-1, max-image-preview:large, max-video-preview:-1\" \/>\n<link rel=\"canonical\" href=\"https:\/\/eschringen.de\/wordpress\/geschichte\/archiv\/sommer-2001-jugendfeuerwehrzeltlager-des-loeschabschnitts-sb-ost-halberg\/\" \/>\n<meta property=\"og:locale\" content=\"de_DE\" \/>\n<meta property=\"og:type\" content=\"article\" \/>\n<meta property=\"og:title\" content=\"Sommer 2001 - Jugendfeuerwehrzeltlager des L\u00f6schabschnitts SB-Ost (Halberg) - Eschringen\" \/>\n<meta property=\"og:description\" content=\"Beim diesj\u00e4hrigen f\u00fcnft\u00e4gigen Jugendzeltlager in Eschringen nahmen 125 M\u00e4dchen und Jungen aus den L\u00f6schbezirken Bischmisheim, B\u00fcbingen, Brebach, Ensheim, Eschringen, Fechingen, G\u00fcdingen, Schafbr\u00fccke und Scheidt teil. Die Aktivit\u00e4ten umfassten u. a. ein V\u00f6lkerballturnier, ein Schwimmbadbesuch, eine Nachwanderung und eine Lagerolympiade. Was viele nicht wussten: Sie kampierten auf historischem Gel\u00e4nde! Die Wiesen &#8222;auf&#8217;m Willer&#8220; waren vor rund ... Weiterlesen ...\" \/>\n<meta property=\"og:url\" content=\"https:\/\/eschringen.de\/wordpress\/geschichte\/archiv\/sommer-2001-jugendfeuerwehrzeltlager-des-loeschabschnitts-sb-ost-halberg\/\" \/>\n<meta property=\"og:site_name\" content=\"Eschringen\" \/>\n<meta property=\"article:modified_time\" content=\"2024-11-28T20:20:56+00:00\" \/>\n<meta property=\"og:image\" content=\"https:\/\/eschringen.de\/wordpress\/wp-content\/uploads\/2024\/11\/zeltlager1.jpg\" \/>\n<meta name=\"twitter:card\" content=\"summary_large_image\" \/>\n<meta name=\"twitter:label1\" content=\"Gesch\u00e4tzte Lesezeit\" \/>\n\t<meta name=\"twitter:data1\" content=\"2\u00a0Minuten\" \/>\n<script type=\"application\/ld+json\" class=\"yoast-schema-graph\">{\"@context\":\"https:\\\/\\\/schema.org\",\"@graph\":[{\"@type\":\"WebPage\",\"@id\":\"https:\\\/\\\/eschringen.de\\\/wordpress\\\/geschichte\\\/archiv\\\/sommer-2001-jugendfeuerwehrzeltlager-des-loeschabschnitts-sb-ost-halberg\\\/\",\"url\":\"https:\\\/\\\/eschringen.de\\\/wordpress\\\/geschichte\\\/archiv\\\/sommer-2001-jugendfeuerwehrzeltlager-des-loeschabschnitts-sb-ost-halberg\\\/\",\"name\":\"Sommer 2001 - Jugendfeuerwehrzeltlager des L\u00f6schabschnitts SB-Ost (Halberg) - Eschringen\",\"isPartOf\":{\"@id\":\"https:\\\/\\\/eschringen.de\\\/wordpress\\\/#website\"},\"primaryImageOfPage\":{\"@id\":\"https:\\\/\\\/eschringen.de\\\/wordpress\\\/geschichte\\\/archiv\\\/sommer-2001-jugendfeuerwehrzeltlager-des-loeschabschnitts-sb-ost-halberg\\\/#primaryimage\"},\"image\":{\"@id\":\"https:\\\/\\\/eschringen.de\\\/wordpress\\\/geschichte\\\/archiv\\\/sommer-2001-jugendfeuerwehrzeltlager-des-loeschabschnitts-sb-ost-halberg\\\/#primaryimage\"},\"thumbnailUrl\":\"https:\\\/\\\/eschringen.de\\\/wordpress\\\/wp-content\\\/uploads\\\/2024\\\/11\\\/zeltlager1.jpg\",\"datePublished\":\"2017-02-23T22:01:17+00:00\",\"dateModified\":\"2024-11-28T20:20:56+00:00\",\"breadcrumb\":{\"@id\":\"https:\\\/\\\/eschringen.de\\\/wordpress\\\/geschichte\\\/archiv\\\/sommer-2001-jugendfeuerwehrzeltlager-des-loeschabschnitts-sb-ost-halberg\\\/#breadcrumb\"},\"inLanguage\":\"de\",\"potentialAction\":[{\"@type\":\"ReadAction\",\"target\":[\"https:\\\/\\\/eschringen.de\\\/wordpress\\\/geschichte\\\/archiv\\\/sommer-2001-jugendfeuerwehrzeltlager-des-loeschabschnitts-sb-ost-halberg\\\/\"]}]},{\"@type\":\"ImageObject\",\"inLanguage\":\"de\",\"@id\":\"https:\\\/\\\/eschringen.de\\\/wordpress\\\/geschichte\\\/archiv\\\/sommer-2001-jugendfeuerwehrzeltlager-des-loeschabschnitts-sb-ost-halberg\\\/#primaryimage\",\"url\":\"https:\\\/\\\/i0.wp.com\\\/eschringen.de\\\/wordpress\\\/wp-content\\\/uploads\\\/2024\\\/11\\\/zeltlager1.jpg?fit=350%2C223&ssl=1\",\"contentUrl\":\"https:\\\/\\\/i0.wp.com\\\/eschringen.de\\\/wordpress\\\/wp-content\\\/uploads\\\/2024\\\/11\\\/zeltlager1.jpg?fit=350%2C223&ssl=1\",\"width\":350,\"height\":223},{\"@type\":\"BreadcrumbList\",\"@id\":\"https:\\\/\\\/eschringen.de\\\/wordpress\\\/geschichte\\\/archiv\\\/sommer-2001-jugendfeuerwehrzeltlager-des-loeschabschnitts-sb-ost-halberg\\\/#breadcrumb\",\"itemListElement\":[{\"@type\":\"ListItem\",\"position\":1,\"name\":\"Startseite\",\"item\":\"https:\\\/\\\/eschringen.de\\\/wordpress\\\/\"},{\"@type\":\"ListItem\",\"position\":2,\"name\":\"Geschichte\",\"item\":\"https:\\\/\\\/eschringen.de\\\/wordpress\\\/geschichte\\\/\"},{\"@type\":\"ListItem\",\"position\":3,\"name\":\"Archiv\",\"item\":\"https:\\\/\\\/eschringen.de\\\/wordpress\\\/geschichte\\\/archiv\\\/\"},{\"@type\":\"ListItem\",\"position\":4,\"name\":\"Sommer 2001 &#8211; Jugendfeuerwehrzeltlager des L\u00f6schabschnitts SB-Ost (Halberg)\"}]},{\"@type\":\"WebSite\",\"@id\":\"https:\\\/\\\/eschringen.de\\\/wordpress\\\/#website\",\"url\":\"https:\\\/\\\/eschringen.de\\\/wordpress\\\/\",\"name\":\"Eschringen\",\"description\":\"\",\"publisher\":{\"@id\":\"https:\\\/\\\/eschringen.de\\\/wordpress\\\/#organization\"},\"potentialAction\":[{\"@type\":\"SearchAction\",\"target\":{\"@type\":\"EntryPoint\",\"urlTemplate\":\"https:\\\/\\\/eschringen.de\\\/wordpress\\\/?s={search_term_string}\"},\"query-input\":{\"@type\":\"PropertyValueSpecification\",\"valueRequired\":true,\"valueName\":\"search_term_string\"}}],\"inLanguage\":\"de\"},{\"@type\":\"Organization\",\"@id\":\"https:\\\/\\\/eschringen.de\\\/wordpress\\\/#organization\",\"name\":\"Eschringen\",\"url\":\"https:\\\/\\\/eschringen.de\\\/wordpress\\\/\",\"logo\":{\"@type\":\"ImageObject\",\"inLanguage\":\"de\",\"@id\":\"https:\\\/\\\/eschringen.de\\\/wordpress\\\/#\\\/schema\\\/logo\\\/image\\\/\",\"url\":\"https:\\\/\\\/eschringen.de\\\/wordpress\\\/wp-content\\\/uploads\\\/2017\\\/03\\\/2017_kw15.jpg\",\"contentUrl\":\"https:\\\/\\\/eschringen.de\\\/wordpress\\\/wp-content\\\/uploads\\\/2017\\\/03\\\/2017_kw15.jpg\",\"width\":784,\"height\":447,\"caption\":\"Eschringen\"},\"image\":{\"@id\":\"https:\\\/\\\/eschringen.de\\\/wordpress\\\/#\\\/schema\\\/logo\\\/image\\\/\"}}]}<\/script>\n<!-- \/ Yoast SEO plugin. -->","yoast_head_json":{"title":"Sommer 2001 - Jugendfeuerwehrzeltlager des L\u00f6schabschnitts SB-Ost (Halberg) - Eschringen","robots":{"index":"index","follow":"follow","max-snippet":"max-snippet:-1","max-image-preview":"max-image-preview:large","max-video-preview":"max-video-preview:-1"},"canonical":"https:\/\/eschringen.de\/wordpress\/geschichte\/archiv\/sommer-2001-jugendfeuerwehrzeltlager-des-loeschabschnitts-sb-ost-halberg\/","og_locale":"de_DE","og_type":"article","og_title":"Sommer 2001 - Jugendfeuerwehrzeltlager des L\u00f6schabschnitts SB-Ost (Halberg) - Eschringen","og_description":"Beim diesj\u00e4hrigen f\u00fcnft\u00e4gigen Jugendzeltlager in Eschringen nahmen 125 M\u00e4dchen und Jungen aus den L\u00f6schbezirken Bischmisheim, B\u00fcbingen, Brebach, Ensheim, Eschringen, Fechingen, G\u00fcdingen, Schafbr\u00fccke und Scheidt teil. Die Aktivit\u00e4ten umfassten u. a. ein V\u00f6lkerballturnier, ein Schwimmbadbesuch, eine Nachwanderung und eine Lagerolympiade. Was viele nicht wussten: Sie kampierten auf historischem Gel\u00e4nde! Die Wiesen &#8222;auf&#8217;m Willer&#8220; waren vor rund ... Weiterlesen ...","og_url":"https:\/\/eschringen.de\/wordpress\/geschichte\/archiv\/sommer-2001-jugendfeuerwehrzeltlager-des-loeschabschnitts-sb-ost-halberg\/","og_site_name":"Eschringen","article_modified_time":"2024-11-28T20:20:56+00:00","og_image":[{"url":"https:\/\/eschringen.de\/wordpress\/wp-content\/uploads\/2024\/11\/zeltlager1.jpg","type":"","width":"","height":""}],"twitter_card":"summary_large_image","twitter_misc":{"Gesch\u00e4tzte Lesezeit":"2\u00a0Minuten"},"schema":{"@context":"https:\/\/schema.org","@graph":[{"@type":"WebPage","@id":"https:\/\/eschringen.de\/wordpress\/geschichte\/archiv\/sommer-2001-jugendfeuerwehrzeltlager-des-loeschabschnitts-sb-ost-halberg\/","url":"https:\/\/eschringen.de\/wordpress\/geschichte\/archiv\/sommer-2001-jugendfeuerwehrzeltlager-des-loeschabschnitts-sb-ost-halberg\/","name":"Sommer 2001 - Jugendfeuerwehrzeltlager des L\u00f6schabschnitts SB-Ost (Halberg) - Eschringen","isPartOf":{"@id":"https:\/\/eschringen.de\/wordpress\/#website"},"primaryImageOfPage":{"@id":"https:\/\/eschringen.de\/wordpress\/geschichte\/archiv\/sommer-2001-jugendfeuerwehrzeltlager-des-loeschabschnitts-sb-ost-halberg\/#primaryimage"},"image":{"@id":"https:\/\/eschringen.de\/wordpress\/geschichte\/archiv\/sommer-2001-jugendfeuerwehrzeltlager-des-loeschabschnitts-sb-ost-halberg\/#primaryimage"},"thumbnailUrl":"https:\/\/eschringen.de\/wordpress\/wp-content\/uploads\/2024\/11\/zeltlager1.jpg","datePublished":"2017-02-23T22:01:17+00:00","dateModified":"2024-11-28T20:20:56+00:00","breadcrumb":{"@id":"https:\/\/eschringen.de\/wordpress\/geschichte\/archiv\/sommer-2001-jugendfeuerwehrzeltlager-des-loeschabschnitts-sb-ost-halberg\/#breadcrumb"},"inLanguage":"de","potentialAction":[{"@type":"ReadAction","target":["https:\/\/eschringen.de\/wordpress\/geschichte\/archiv\/sommer-2001-jugendfeuerwehrzeltlager-des-loeschabschnitts-sb-ost-halberg\/"]}]},{"@type":"ImageObject","inLanguage":"de","@id":"https:\/\/eschringen.de\/wordpress\/geschichte\/archiv\/sommer-2001-jugendfeuerwehrzeltlager-des-loeschabschnitts-sb-ost-halberg\/#primaryimage","url":"https:\/\/i0.wp.com\/eschringen.de\/wordpress\/wp-content\/uploads\/2024\/11\/zeltlager1.jpg?fit=350%2C223&ssl=1","contentUrl":"https:\/\/i0.wp.com\/eschringen.de\/wordpress\/wp-content\/uploads\/2024\/11\/zeltlager1.jpg?fit=350%2C223&ssl=1","width":350,"height":223},{"@type":"BreadcrumbList","@id":"https:\/\/eschringen.de\/wordpress\/geschichte\/archiv\/sommer-2001-jugendfeuerwehrzeltlager-des-loeschabschnitts-sb-ost-halberg\/#breadcrumb","itemListElement":[{"@type":"ListItem","position":1,"name":"Startseite","item":"https:\/\/eschringen.de\/wordpress\/"},{"@type":"ListItem","position":2,"name":"Geschichte","item":"https:\/\/eschringen.de\/wordpress\/geschichte\/"},{"@type":"ListItem","position":3,"name":"Archiv","item":"https:\/\/eschringen.de\/wordpress\/geschichte\/archiv\/"},{"@type":"ListItem","position":4,"name":"Sommer 2001 &#8211; Jugendfeuerwehrzeltlager des L\u00f6schabschnitts SB-Ost (Halberg)"}]},{"@type":"WebSite","@id":"https:\/\/eschringen.de\/wordpress\/#website","url":"https:\/\/eschringen.de\/wordpress\/","name":"Eschringen","description":"","publisher":{"@id":"https:\/\/eschringen.de\/wordpress\/#organization"},"potentialAction":[{"@type":"SearchAction","target":{"@type":"EntryPoint","urlTemplate":"https:\/\/eschringen.de\/wordpress\/?s={search_term_string}"},"query-input":{"@type":"PropertyValueSpecification","valueRequired":true,"valueName":"search_term_string"}}],"inLanguage":"de"},{"@type":"Organization","@id":"https:\/\/eschringen.de\/wordpress\/#organization","name":"Eschringen","url":"https:\/\/eschringen.de\/wordpress\/","logo":{"@type":"ImageObject","inLanguage":"de","@id":"https:\/\/eschringen.de\/wordpress\/#\/schema\/logo\/image\/","url":"https:\/\/eschringen.de\/wordpress\/wp-content\/uploads\/2017\/03\/2017_kw15.jpg","contentUrl":"https:\/\/eschringen.de\/wordpress\/wp-content\/uploads\/2017\/03\/2017_kw15.jpg","width":784,"height":447,"caption":"Eschringen"},"image":{"@id":"https:\/\/eschringen.de\/wordpress\/#\/schema\/logo\/image\/"}}]}},"jetpack_sharing_enabled":true,"_links":{"self":[{"href":"https:\/\/eschringen.de\/wordpress\/wp-json\/wp\/v2\/pages\/1001","targetHints":{"allow":["GET"]}}],"collection":[{"href":"https:\/\/eschringen.de\/wordpress\/wp-json\/wp\/v2\/pages"}],"about":[{"href":"https:\/\/eschringen.de\/wordpress\/wp-json\/wp\/v2\/types\/page"}],"author":[{"embeddable":true,"href":"https:\/\/eschringen.de\/wordpress\/wp-json\/wp\/v2\/users\/1"}],"replies":[{"embeddable":true,"href":"https:\/\/eschringen.de\/wordpress\/wp-json\/wp\/v2\/comments?post=1001"}],"version-history":[{"count":2,"href":"https:\/\/eschringen.de\/wordpress\/wp-json\/wp\/v2\/pages\/1001\/revisions"}],"predecessor-version":[{"id":5010,"href":"https:\/\/eschringen.de\/wordpress\/wp-json\/wp\/v2\/pages\/1001\/revisions\/5010"}],"up":[{"embeddable":true,"href":"https:\/\/eschringen.de\/wordpress\/wp-json\/wp\/v2\/pages\/403"}],"wp:attachment":[{"href":"https:\/\/eschringen.de\/wordpress\/wp-json\/wp\/v2\/media?parent=1001"}],"curies":[{"name":"wp","href":"https:\/\/api.w.org\/{rel}","templated":true}]}}